{"id":251633,"date":"2022-11-15T14:22:12","date_gmt":"2022-11-15T14:22:12","guid":{"rendered":"https:\/\/mhr.com.pt\/product\/benson\/"},"modified":"2022-11-15T14:22:12","modified_gmt":"2022-11-15T14:22:12","slug":"benson","status":"publish","type":"product","link":"https:\/\/mhr.com.pt\/pt-pt\/product\/benson\/","title":{"rendered":"Benson."},"content":{"rendered":"<p>O candeeiro Benson \u00e9 uma pe\u00e7a moderna e minimalista, dispon\u00edvel nas vers\u00f5es de mesa e de p\u00e9, concebida para elevar o seu espa\u00e7o sem o sobrecarregar.<\/p>\n<p>As suas linhas simples e elegantes destacam o foco da luz, proporcionando uma ilumina\u00e7\u00e3o localizada que pode ser ajustada conforme as suas necessidades.<\/p>\n<p>Ideal para um interior limpo e contempor\u00e2neo.<\/p>\n","protected":false},"excerpt":{"rendered":"<p>CANDEEIROS DE MESA &amp; DE P\u00c9<\/p>\n","protected":false},"featured_media":251634,"template":"","meta":{"_et_pb_use_builder":"","_et_pb_old_content":"","_et_gb_content_width":""},"product_brand":[],"product_cat":[531],"product_tag":[],"class_list":{"0":"post-251633","1":"product","2":"type-product","3":"status-publish","4":"has-post-thumbnail","6":"product_cat-iluminacao","8":"first","9":"instock","10":"shipping-taxable","11":"product-type-simple"},"_links":{"self":[{"href":"https:\/\/mhr.com.pt\/pt-pt\/wp-json\/wp\/v2\/product\/251633","targetHints":{"allow":["GET"]}}],"collection":[{"href":"https:\/\/mhr.com.pt\/pt-pt\/wp-json\/wp\/v2\/product"}],"about":[{"href":"https:\/\/mhr.com.pt\/pt-pt\/wp-json\/wp\/v2\/types\/product"}],"wp:featuredmedia":[{"embeddable":true,"href":"https:\/\/mhr.com.pt\/pt-pt\/wp-json\/wp\/v2\/media\/251634"}],"wp:attachment":[{"href":"https:\/\/mhr.com.pt\/pt-pt\/wp-json\/wp\/v2\/media?parent=251633"}],"wp:term":[{"taxonomy":"product_brand","embeddable":true,"href":"https:\/\/mhr.com.pt\/pt-pt\/wp-json\/wp\/v2\/product_brand?post=251633"},{"taxonomy":"product_cat","embeddable":true,"href":"https:\/\/mhr.com.pt\/pt-pt\/wp-json\/wp\/v2\/product_cat?post=251633"},{"taxonomy":"product_tag","embeddable":true,"href":"https:\/\/mhr.com.pt\/pt-pt\/wp-json\/wp\/v2\/product_tag?post=251633"}],"curies":[{"name":"wp","href":"https:\/\/api.w.org\/{rel}","templated":true}]}}