{"id":251637,"date":"2022-11-15T14:03:00","date_gmt":"2022-11-15T14:03:00","guid":{"rendered":"https:\/\/mhr.com.pt\/product\/boden\/"},"modified":"2022-11-15T14:03:00","modified_gmt":"2022-11-15T14:03:00","slug":"boden","status":"publish","type":"product","link":"https:\/\/mhr.com.pt\/pt-pt\/product\/boden\/","title":{"rendered":"Boden."},"content":{"rendered":"<p>O candeeiro de p\u00e9 Boden apresenta um design robusto e industrial, inspirado nos candeeiros dos anos 1930.<\/p>\n<p>As linhas simplificadas conferem-lhe um apelo moderno, com uma silhueta elegante que se encaixa perfeitamente nas casas contempor\u00e2neas.<\/p>\n<p>Este candeeiro \u00e9 uma adi\u00e7\u00e3o distinta e elegante a qualquer divis\u00e3o, misturando o passado e o presente de forma harmoniosa.<\/p>\n","protected":false},"excerpt":{"rendered":"<p>CANDEEIRO DE P\u00c9<\/p>\n","protected":false},"featured_media":251638,"template":"","meta":{"_et_pb_use_builder":"","_et_pb_old_content":"","_et_gb_content_width":""},"product_brand":[],"product_cat":[531],"product_tag":[],"class_list":{"0":"post-251637","1":"product","2":"type-product","3":"status-publish","4":"has-post-thumbnail","6":"product_cat-iluminacao","8":"first","9":"instock","10":"shipping-taxable","11":"product-type-simple"},"_links":{"self":[{"href":"https:\/\/mhr.com.pt\/pt-pt\/wp-json\/wp\/v2\/product\/251637","targetHints":{"allow":["GET"]}}],"collection":[{"href":"https:\/\/mhr.com.pt\/pt-pt\/wp-json\/wp\/v2\/product"}],"about":[{"href":"https:\/\/mhr.com.pt\/pt-pt\/wp-json\/wp\/v2\/types\/product"}],"wp:featuredmedia":[{"embeddable":true,"href":"https:\/\/mhr.com.pt\/pt-pt\/wp-json\/wp\/v2\/media\/251638"}],"wp:attachment":[{"href":"https:\/\/mhr.com.pt\/pt-pt\/wp-json\/wp\/v2\/media?parent=251637"}],"wp:term":[{"taxonomy":"product_brand","embeddable":true,"href":"https:\/\/mhr.com.pt\/pt-pt\/wp-json\/wp\/v2\/product_brand?post=251637"},{"taxonomy":"product_cat","embeddable":true,"href":"https:\/\/mhr.com.pt\/pt-pt\/wp-json\/wp\/v2\/product_cat?post=251637"},{"taxonomy":"product_tag","embeddable":true,"href":"https:\/\/mhr.com.pt\/pt-pt\/wp-json\/wp\/v2\/product_tag?post=251637"}],"curies":[{"name":"wp","href":"https:\/\/api.w.org\/{rel}","templated":true}]}}