{"id":251640,"date":"2022-11-15T14:22:48","date_gmt":"2022-11-15T14:22:48","guid":{"rendered":"https:\/\/mhr.com.pt\/product\/elliot\/"},"modified":"2022-11-15T14:22:48","modified_gmt":"2022-11-15T14:22:48","slug":"elliot","status":"publish","type":"product","link":"https:\/\/mhr.com.pt\/pt-pt\/product\/elliot\/","title":{"rendered":"Elliot."},"content":{"rendered":"<p>O candeeiro Elliot, dispon\u00edvel nas vers\u00f5es de mesa e de p\u00e9, inspira-se no design industrial, com uma predomin\u00e2ncia de linhas retas.<\/p>\n<p>Completamente articul\u00e1vel, este candeeiro \u00e9 extremamente vers\u00e1til, permitindo que seja posicionado de diversas formas para se adequar \u00e0s suas necessidades de ilumina\u00e7\u00e3o.<\/p>\n<p>Perfeito tanto para ilumina\u00e7\u00e3o de tarefas como de acento.<\/p>\n","protected":false},"excerpt":{"rendered":"<p>CANDEEIROS DE MESA &amp; DE P\u00c9<\/p>\n","protected":false},"featured_media":251641,"template":"","meta":{"_et_pb_use_builder":"","_et_pb_old_content":"","_et_gb_content_width":""},"product_brand":[],"product_cat":[531],"product_tag":[],"class_list":{"0":"post-251640","1":"product","2":"type-product","3":"status-publish","4":"has-post-thumbnail","6":"product_cat-iluminacao","8":"first","9":"instock","10":"shipping-taxable","11":"product-type-simple"},"_links":{"self":[{"href":"https:\/\/mhr.com.pt\/pt-pt\/wp-json\/wp\/v2\/product\/251640","targetHints":{"allow":["GET"]}}],"collection":[{"href":"https:\/\/mhr.com.pt\/pt-pt\/wp-json\/wp\/v2\/product"}],"about":[{"href":"https:\/\/mhr.com.pt\/pt-pt\/wp-json\/wp\/v2\/types\/product"}],"wp:featuredmedia":[{"embeddable":true,"href":"https:\/\/mhr.com.pt\/pt-pt\/wp-json\/wp\/v2\/media\/251641"}],"wp:attachment":[{"href":"https:\/\/mhr.com.pt\/pt-pt\/wp-json\/wp\/v2\/media?parent=251640"}],"wp:term":[{"taxonomy":"product_brand","embeddable":true,"href":"https:\/\/mhr.com.pt\/pt-pt\/wp-json\/wp\/v2\/product_brand?post=251640"},{"taxonomy":"product_cat","embeddable":true,"href":"https:\/\/mhr.com.pt\/pt-pt\/wp-json\/wp\/v2\/product_cat?post=251640"},{"taxonomy":"product_tag","embeddable":true,"href":"https:\/\/mhr.com.pt\/pt-pt\/wp-json\/wp\/v2\/product_tag?post=251640"}],"curies":[{"name":"wp","href":"https:\/\/api.w.org\/{rel}","templated":true}]}}