{"id":251644,"date":"2022-11-15T14:03:41","date_gmt":"2022-11-15T14:03:41","guid":{"rendered":"https:\/\/mhr.com.pt\/product\/eternal\/"},"modified":"2022-11-15T14:03:41","modified_gmt":"2022-11-15T14:03:41","slug":"eternal","status":"publish","type":"product","link":"https:\/\/mhr.com.pt\/pt-pt\/product\/eternal\/","title":{"rendered":"Eternal."},"content":{"rendered":"<p>O candeeiro de teto Eternal apresenta pe\u00e7as de vidro soprado \u00e0 m\u00e3o, cada uma \u00fanica, com formas irregulares e bolhas de superf\u00edcie caracter\u00edsticas.<\/p>\n<p>Perfeito para complementar grandes espa\u00e7os como salas de jantar, este candeeiro transmite uma sensa\u00e7\u00e3o de eternidade.<\/p>\n<p>Uma pe\u00e7a que fica na mem\u00f3ria, encarnando uma beleza intemporal.<\/p>\n","protected":false},"excerpt":{"rendered":"<p>CANDEEIRO DE TETO<\/p>\n","protected":false},"featured_media":251645,"template":"","meta":{"_et_pb_use_builder":"","_et_pb_old_content":"","_et_gb_content_width":""},"product_brand":[],"product_cat":[531],"product_tag":[],"class_list":{"0":"post-251644","1":"product","2":"type-product","3":"status-publish","4":"has-post-thumbnail","6":"product_cat-iluminacao","8":"first","9":"instock","10":"shipping-taxable","11":"product-type-simple"},"_links":{"self":[{"href":"https:\/\/mhr.com.pt\/pt-pt\/wp-json\/wp\/v2\/product\/251644","targetHints":{"allow":["GET"]}}],"collection":[{"href":"https:\/\/mhr.com.pt\/pt-pt\/wp-json\/wp\/v2\/product"}],"about":[{"href":"https:\/\/mhr.com.pt\/pt-pt\/wp-json\/wp\/v2\/types\/product"}],"wp:featuredmedia":[{"embeddable":true,"href":"https:\/\/mhr.com.pt\/pt-pt\/wp-json\/wp\/v2\/media\/251645"}],"wp:attachment":[{"href":"https:\/\/mhr.com.pt\/pt-pt\/wp-json\/wp\/v2\/media?parent=251644"}],"wp:term":[{"taxonomy":"product_brand","embeddable":true,"href":"https:\/\/mhr.com.pt\/pt-pt\/wp-json\/wp\/v2\/product_brand?post=251644"},{"taxonomy":"product_cat","embeddable":true,"href":"https:\/\/mhr.com.pt\/pt-pt\/wp-json\/wp\/v2\/product_cat?post=251644"},{"taxonomy":"product_tag","embeddable":true,"href":"https:\/\/mhr.com.pt\/pt-pt\/wp-json\/wp\/v2\/product_tag?post=251644"}],"curies":[{"name":"wp","href":"https:\/\/api.w.org\/{rel}","templated":true}]}}