{"id":251658,"date":"2022-11-15T14:06:43","date_gmt":"2022-11-15T14:06:43","guid":{"rendered":"https:\/\/mhr.com.pt\/product\/moon\/"},"modified":"2022-11-15T14:06:43","modified_gmt":"2022-11-15T14:06:43","slug":"moon","status":"publish","type":"product","link":"https:\/\/mhr.com.pt\/pt-pt\/product\/moon\/","title":{"rendered":"Moon."},"content":{"rendered":"<p>O candeeiro de mesa Moon oferece uma luz difusa atrav\u00e9s de bolas opalinas. A sua estrutura met\u00e1lica, em formato de duas meias-luas, \u201csegura\u201d a luz de forma subtil, dando personalidade a qualquer espa\u00e7o.<\/p>\n<p>O metal como material principal do candeeiro traz um design elegante e luxuoso \u00e0 pe\u00e7a, tornando-a um elemento de destaque em qualquer divis\u00e3o.<\/p>\n","protected":false},"excerpt":{"rendered":"<p>CANDEEIRO DE MESA<\/p>\n","protected":false},"featured_media":251659,"template":"","meta":{"_et_pb_use_builder":"","_et_pb_old_content":"","_et_gb_content_width":""},"product_brand":[],"product_cat":[531],"product_tag":[],"class_list":{"0":"post-251658","1":"product","2":"type-product","3":"status-publish","4":"has-post-thumbnail","6":"product_cat-iluminacao","8":"first","9":"instock","10":"shipping-taxable","11":"product-type-simple"},"_links":{"self":[{"href":"https:\/\/mhr.com.pt\/pt-pt\/wp-json\/wp\/v2\/product\/251658","targetHints":{"allow":["GET"]}}],"collection":[{"href":"https:\/\/mhr.com.pt\/pt-pt\/wp-json\/wp\/v2\/product"}],"about":[{"href":"https:\/\/mhr.com.pt\/pt-pt\/wp-json\/wp\/v2\/types\/product"}],"wp:featuredmedia":[{"embeddable":true,"href":"https:\/\/mhr.com.pt\/pt-pt\/wp-json\/wp\/v2\/media\/251659"}],"wp:attachment":[{"href":"https:\/\/mhr.com.pt\/pt-pt\/wp-json\/wp\/v2\/media?parent=251658"}],"wp:term":[{"taxonomy":"product_brand","embeddable":true,"href":"https:\/\/mhr.com.pt\/pt-pt\/wp-json\/wp\/v2\/product_brand?post=251658"},{"taxonomy":"product_cat","embeddable":true,"href":"https:\/\/mhr.com.pt\/pt-pt\/wp-json\/wp\/v2\/product_cat?post=251658"},{"taxonomy":"product_tag","embeddable":true,"href":"https:\/\/mhr.com.pt\/pt-pt\/wp-json\/wp\/v2\/product_tag?post=251658"}],"curies":[{"name":"wp","href":"https:\/\/api.w.org\/{rel}","templated":true}]}}