{"id":251664,"date":"2022-11-15T14:08:03","date_gmt":"2022-11-15T14:08:03","guid":{"rendered":"https:\/\/mhr.com.pt\/product\/saturn\/"},"modified":"2022-11-15T14:08:03","modified_gmt":"2022-11-15T14:08:03","slug":"saturn","status":"publish","type":"product","link":"https:\/\/mhr.com.pt\/pt-pt\/product\/saturn\/","title":{"rendered":"Saturn."},"content":{"rendered":"<p>Como o nome indica, o candeeiro de teto Saturn \u00e9 inspirado nas luas de Saturno, com esferas que orbitam em torno do centro de forma intercalada e harmoniosa.<\/p>\n<p>Perfeito para preencher um espa\u00e7o amplo e complementar composi\u00e7\u00f5es, este candeeiro proporciona uma luz difusa atrav\u00e9s das suas bolas opalinas, criando um brilho suave e ambiente.<\/p>\n","protected":false},"excerpt":{"rendered":"<p>CANDEEIRO DE TETO<\/p>\n","protected":false},"featured_media":251665,"template":"","meta":{"_et_pb_use_builder":"","_et_pb_old_content":"","_et_gb_content_width":""},"product_brand":[],"product_cat":[531],"product_tag":[],"class_list":{"0":"post-251664","1":"product","2":"type-product","3":"status-publish","4":"has-post-thumbnail","6":"product_cat-iluminacao","8":"first","9":"instock","10":"shipping-taxable","11":"product-type-simple"},"_links":{"self":[{"href":"https:\/\/mhr.com.pt\/pt-pt\/wp-json\/wp\/v2\/product\/251664","targetHints":{"allow":["GET"]}}],"collection":[{"href":"https:\/\/mhr.com.pt\/pt-pt\/wp-json\/wp\/v2\/product"}],"about":[{"href":"https:\/\/mhr.com.pt\/pt-pt\/wp-json\/wp\/v2\/types\/product"}],"wp:featuredmedia":[{"embeddable":true,"href":"https:\/\/mhr.com.pt\/pt-pt\/wp-json\/wp\/v2\/media\/251665"}],"wp:attachment":[{"href":"https:\/\/mhr.com.pt\/pt-pt\/wp-json\/wp\/v2\/media?parent=251664"}],"wp:term":[{"taxonomy":"product_brand","embeddable":true,"href":"https:\/\/mhr.com.pt\/pt-pt\/wp-json\/wp\/v2\/product_brand?post=251664"},{"taxonomy":"product_cat","embeddable":true,"href":"https:\/\/mhr.com.pt\/pt-pt\/wp-json\/wp\/v2\/product_cat?post=251664"},{"taxonomy":"product_tag","embeddable":true,"href":"https:\/\/mhr.com.pt\/pt-pt\/wp-json\/wp\/v2\/product_tag?post=251664"}],"curies":[{"name":"wp","href":"https:\/\/api.w.org\/{rel}","templated":true}]}}