{"id":251667,"date":"2022-11-15T14:08:40","date_gmt":"2022-11-15T14:08:40","guid":{"rendered":"https:\/\/mhr.com.pt\/product\/vision\/"},"modified":"2022-11-15T14:08:40","modified_gmt":"2022-11-15T14:08:40","slug":"vision","status":"publish","type":"product","link":"https:\/\/mhr.com.pt\/pt-pt\/product\/vision\/","title":{"rendered":"Vision."},"content":{"rendered":"<p>O candeeiro de teto Vision \u00e9 semelhante ao Eternal, mas apresenta uma base circular com quatro l\u00e2mpadas.<\/p>\n<p>Tal como o Eternal, destaca-se pelas pe\u00e7as de vidro soprado \u00e0 m\u00e3o, com formas irregulares e bolhas de superf\u00edcie caracter\u00edsticas, oferecendo um design intemporal e elegante que real\u00e7a grandes espa\u00e7os com o seu charme \u00fanico e eterno.<\/p>\n","protected":false},"excerpt":{"rendered":"<p>CANDEEIRO DE TETO<\/p>\n","protected":false},"featured_media":251668,"template":"","meta":{"_et_pb_use_builder":"","_et_pb_old_content":"","_et_gb_content_width":""},"product_brand":[],"product_cat":[531],"product_tag":[],"class_list":{"0":"post-251667","1":"product","2":"type-product","3":"status-publish","4":"has-post-thumbnail","6":"product_cat-iluminacao","8":"first","9":"instock","10":"shipping-taxable","11":"product-type-simple"},"_links":{"self":[{"href":"https:\/\/mhr.com.pt\/pt-pt\/wp-json\/wp\/v2\/product\/251667","targetHints":{"allow":["GET"]}}],"collection":[{"href":"https:\/\/mhr.com.pt\/pt-pt\/wp-json\/wp\/v2\/product"}],"about":[{"href":"https:\/\/mhr.com.pt\/pt-pt\/wp-json\/wp\/v2\/types\/product"}],"wp:featuredmedia":[{"embeddable":true,"href":"https:\/\/mhr.com.pt\/pt-pt\/wp-json\/wp\/v2\/media\/251668"}],"wp:attachment":[{"href":"https:\/\/mhr.com.pt\/pt-pt\/wp-json\/wp\/v2\/media?parent=251667"}],"wp:term":[{"taxonomy":"product_brand","embeddable":true,"href":"https:\/\/mhr.com.pt\/pt-pt\/wp-json\/wp\/v2\/product_brand?post=251667"},{"taxonomy":"product_cat","embeddable":true,"href":"https:\/\/mhr.com.pt\/pt-pt\/wp-json\/wp\/v2\/product_cat?post=251667"},{"taxonomy":"product_tag","embeddable":true,"href":"https:\/\/mhr.com.pt\/pt-pt\/wp-json\/wp\/v2\/product_tag?post=251667"}],"curies":[{"name":"wp","href":"https:\/\/api.w.org\/{rel}","templated":true}]}}