{"id":251674,"date":"2022-11-11T10:25:36","date_gmt":"2022-11-11T10:25:36","guid":{"rendered":"https:\/\/mhr.com.pt\/product\/kim\/"},"modified":"2022-11-11T10:25:36","modified_gmt":"2022-11-11T10:25:36","slug":"kim","status":"publish","type":"product","link":"https:\/\/mhr.com.pt\/pt-pt\/product\/kim\/","title":{"rendered":"Kim."},"content":{"rendered":"<p>O Pufe Kim traz um elemento din\u00e2mico a qualquer espa\u00e7o, aproveitando de forma eficiente a \u00e1rea dispon\u00edvel.<\/p>\n<p>Concebido para se conjugar perfeitamente com a Mesa Kim, oferece versatilidade atrav\u00e9s da combina\u00e7\u00e3o de diferentes materiais e da possibilidade de um rodap\u00e9 adicional, aumentando a sua eleg\u00e2ncia.<\/p>\n<p>Embora tenha sido criado para complementar a Mesa Kim, tamb\u00e9m se destaca como uma pe\u00e7a independente, trazendo o seu charme \u00fanico a qualquer ambiente.<\/p>\n","protected":false},"excerpt":{"rendered":"<p>PUFFS<\/p>\n","protected":false},"featured_media":251675,"template":"","meta":{"_et_pb_use_builder":"","_et_pb_old_content":"","_et_gb_content_width":""},"product_brand":[],"product_cat":[519],"product_tag":[],"class_list":{"0":"post-251674","1":"product","2":"type-product","3":"status-publish","4":"has-post-thumbnail","6":"product_cat-puffs-banquetas","8":"first","9":"instock","10":"shipping-taxable","11":"product-type-simple"},"_links":{"self":[{"href":"https:\/\/mhr.com.pt\/pt-pt\/wp-json\/wp\/v2\/product\/251674","targetHints":{"allow":["GET"]}}],"collection":[{"href":"https:\/\/mhr.com.pt\/pt-pt\/wp-json\/wp\/v2\/product"}],"about":[{"href":"https:\/\/mhr.com.pt\/pt-pt\/wp-json\/wp\/v2\/types\/product"}],"wp:featuredmedia":[{"embeddable":true,"href":"https:\/\/mhr.com.pt\/pt-pt\/wp-json\/wp\/v2\/media\/251675"}],"wp:attachment":[{"href":"https:\/\/mhr.com.pt\/pt-pt\/wp-json\/wp\/v2\/media?parent=251674"}],"wp:term":[{"taxonomy":"product_brand","embeddable":true,"href":"https:\/\/mhr.com.pt\/pt-pt\/wp-json\/wp\/v2\/product_brand?post=251674"},{"taxonomy":"product_cat","embeddable":true,"href":"https:\/\/mhr.com.pt\/pt-pt\/wp-json\/wp\/v2\/product_cat?post=251674"},{"taxonomy":"product_tag","embeddable":true,"href":"https:\/\/mhr.com.pt\/pt-pt\/wp-json\/wp\/v2\/product_tag?post=251674"}],"curies":[{"name":"wp","href":"https:\/\/api.w.org\/{rel}","templated":true}]}}