{"id":251677,"date":"2022-11-11T10:27:35","date_gmt":"2022-11-11T10:27:35","guid":{"rendered":"https:\/\/mhr.com.pt\/product\/m201\/"},"modified":"2022-11-11T10:27:35","modified_gmt":"2022-11-11T10:27:35","slug":"m201","status":"publish","type":"product","link":"https:\/\/mhr.com.pt\/pt-pt\/product\/m201\/","title":{"rendered":"M201."},"content":{"rendered":"<p>O Pufe M201 apresenta uma forma marcadamente irregular, acentuada por uma linha de contorno elegante.<\/p>\n<p>Esta caracter\u00edstica de design \u00fanica destaca a sua assimetria, tornando-o uma pe\u00e7a marcante que pode adicionar um toque art\u00edstico a qualquer sala.<\/p>\n","protected":false},"excerpt":{"rendered":"<p>PUFFS<\/p>\n","protected":false},"featured_media":251678,"template":"","meta":{"_et_pb_use_builder":"","_et_pb_old_content":"","_et_gb_content_width":""},"product_brand":[],"product_cat":[519],"product_tag":[],"class_list":{"0":"post-251677","1":"product","2":"type-product","3":"status-publish","4":"has-post-thumbnail","6":"product_cat-puffs-banquetas","8":"first","9":"instock","10":"shipping-taxable","11":"product-type-simple"},"_links":{"self":[{"href":"https:\/\/mhr.com.pt\/pt-pt\/wp-json\/wp\/v2\/product\/251677","targetHints":{"allow":["GET"]}}],"collection":[{"href":"https:\/\/mhr.com.pt\/pt-pt\/wp-json\/wp\/v2\/product"}],"about":[{"href":"https:\/\/mhr.com.pt\/pt-pt\/wp-json\/wp\/v2\/types\/product"}],"wp:featuredmedia":[{"embeddable":true,"href":"https:\/\/mhr.com.pt\/pt-pt\/wp-json\/wp\/v2\/media\/251678"}],"wp:attachment":[{"href":"https:\/\/mhr.com.pt\/pt-pt\/wp-json\/wp\/v2\/media?parent=251677"}],"wp:term":[{"taxonomy":"product_brand","embeddable":true,"href":"https:\/\/mhr.com.pt\/pt-pt\/wp-json\/wp\/v2\/product_brand?post=251677"},{"taxonomy":"product_cat","embeddable":true,"href":"https:\/\/mhr.com.pt\/pt-pt\/wp-json\/wp\/v2\/product_cat?post=251677"},{"taxonomy":"product_tag","embeddable":true,"href":"https:\/\/mhr.com.pt\/pt-pt\/wp-json\/wp\/v2\/product_tag?post=251677"}],"curies":[{"name":"wp","href":"https:\/\/api.w.org\/{rel}","templated":true}]}}