{"id":251680,"date":"2022-11-11T10:30:38","date_gmt":"2022-11-11T10:30:38","guid":{"rendered":"https:\/\/mhr.com.pt\/product\/m202\/"},"modified":"2022-11-11T10:30:38","modified_gmt":"2022-11-11T10:30:38","slug":"m202","status":"publish","type":"product","link":"https:\/\/mhr.com.pt\/pt-pt\/product\/m202\/","title":{"rendered":"M202."},"content":{"rendered":"<p>O Pufe M202 presta homenagem \u00e0s curvas das pipas de vinho do Porto com a sua forma arredondada e ovalada.<\/p>\n<p>As pegas pr\u00e1ticas complementam o design, permitindo uma mistura contrastante de materiais e f\u00e1cil mobilidade, tornando-o uma adi\u00e7\u00e3o funcional e elegante a qualquer espa\u00e7o.<\/p>\n","protected":false},"excerpt":{"rendered":"<p>PUFFS<\/p>\n","protected":false},"featured_media":251681,"template":"","meta":{"_et_pb_use_builder":"","_et_pb_old_content":"","_et_gb_content_width":""},"product_brand":[],"product_cat":[519],"product_tag":[],"class_list":{"0":"post-251680","1":"product","2":"type-product","3":"status-publish","4":"has-post-thumbnail","6":"product_cat-puffs-banquetas","8":"first","9":"instock","10":"shipping-taxable","11":"product-type-simple"},"_links":{"self":[{"href":"https:\/\/mhr.com.pt\/pt-pt\/wp-json\/wp\/v2\/product\/251680","targetHints":{"allow":["GET"]}}],"collection":[{"href":"https:\/\/mhr.com.pt\/pt-pt\/wp-json\/wp\/v2\/product"}],"about":[{"href":"https:\/\/mhr.com.pt\/pt-pt\/wp-json\/wp\/v2\/types\/product"}],"wp:featuredmedia":[{"embeddable":true,"href":"https:\/\/mhr.com.pt\/pt-pt\/wp-json\/wp\/v2\/media\/251681"}],"wp:attachment":[{"href":"https:\/\/mhr.com.pt\/pt-pt\/wp-json\/wp\/v2\/media?parent=251680"}],"wp:term":[{"taxonomy":"product_brand","embeddable":true,"href":"https:\/\/mhr.com.pt\/pt-pt\/wp-json\/wp\/v2\/product_brand?post=251680"},{"taxonomy":"product_cat","embeddable":true,"href":"https:\/\/mhr.com.pt\/pt-pt\/wp-json\/wp\/v2\/product_cat?post=251680"},{"taxonomy":"product_tag","embeddable":true,"href":"https:\/\/mhr.com.pt\/pt-pt\/wp-json\/wp\/v2\/product_tag?post=251680"}],"curies":[{"name":"wp","href":"https:\/\/api.w.org\/{rel}","templated":true}]}}