{"id":251683,"date":"2022-11-11T10:32:40","date_gmt":"2022-11-11T10:32:40","guid":{"rendered":"https:\/\/mhr.com.pt\/product\/m203\/"},"modified":"2022-11-11T10:32:40","modified_gmt":"2022-11-11T10:32:40","slug":"m203","status":"publish","type":"product","link":"https:\/\/mhr.com.pt\/pt-pt\/product\/m203\/","title":{"rendered":"M203."},"content":{"rendered":"<p>O Pufe M203 \u00e9 a adi\u00e7\u00e3o perfeita para preencher pequenos espa\u00e7os, acrescentando um toque de conforto e estilo a qualquer sala de estar ou canto acolhedor.<\/p>\n<p>O seu design compacto torna-o ideal para complementar o mobili\u00e1rio existente sem sobrecarregar o espa\u00e7o.<\/p>\n","protected":false},"excerpt":{"rendered":"<p>PUFFS<\/p>\n","protected":false},"featured_media":251684,"template":"","meta":{"_et_pb_use_builder":"","_et_pb_old_content":"","_et_gb_content_width":""},"product_brand":[],"product_cat":[519],"product_tag":[],"class_list":{"0":"post-251683","1":"product","2":"type-product","3":"status-publish","4":"has-post-thumbnail","6":"product_cat-puffs-banquetas","8":"first","9":"instock","10":"shipping-taxable","11":"product-type-simple"},"_links":{"self":[{"href":"https:\/\/mhr.com.pt\/pt-pt\/wp-json\/wp\/v2\/product\/251683","targetHints":{"allow":["GET"]}}],"collection":[{"href":"https:\/\/mhr.com.pt\/pt-pt\/wp-json\/wp\/v2\/product"}],"about":[{"href":"https:\/\/mhr.com.pt\/pt-pt\/wp-json\/wp\/v2\/types\/product"}],"wp:featuredmedia":[{"embeddable":true,"href":"https:\/\/mhr.com.pt\/pt-pt\/wp-json\/wp\/v2\/media\/251684"}],"wp:attachment":[{"href":"https:\/\/mhr.com.pt\/pt-pt\/wp-json\/wp\/v2\/media?parent=251683"}],"wp:term":[{"taxonomy":"product_brand","embeddable":true,"href":"https:\/\/mhr.com.pt\/pt-pt\/wp-json\/wp\/v2\/product_brand?post=251683"},{"taxonomy":"product_cat","embeddable":true,"href":"https:\/\/mhr.com.pt\/pt-pt\/wp-json\/wp\/v2\/product_cat?post=251683"},{"taxonomy":"product_tag","embeddable":true,"href":"https:\/\/mhr.com.pt\/pt-pt\/wp-json\/wp\/v2\/product_tag?post=251683"}],"curies":[{"name":"wp","href":"https:\/\/api.w.org\/{rel}","templated":true}]}}