{"id":251686,"date":"2022-11-11T10:34:07","date_gmt":"2022-11-11T10:34:07","guid":{"rendered":"https:\/\/mhr.com.pt\/product\/m204\/"},"modified":"2022-11-11T10:34:07","modified_gmt":"2022-11-11T10:34:07","slug":"m204","status":"publish","type":"product","link":"https:\/\/mhr.com.pt\/pt-pt\/product\/m204\/","title":{"rendered":"M204."},"content":{"rendered":"<p>Inspirado na silhueta das montanhas, o Pufe M204 apresenta um design arredondado que traz uma est\u00e9tica natural e serena para pequenos espa\u00e7os.<\/p>\n<p>\u00c9 uma pe\u00e7a pr\u00e1tica, ideal para oferecer apoio adicional em \u00e1reas compactas.<\/p>\n","protected":false},"excerpt":{"rendered":"<p>PUFFS<\/p>\n","protected":false},"featured_media":251687,"template":"","meta":{"_et_pb_use_builder":"","_et_pb_old_content":"","_et_gb_content_width":""},"product_brand":[],"product_cat":[519],"product_tag":[],"class_list":{"0":"post-251686","1":"product","2":"type-product","3":"status-publish","4":"has-post-thumbnail","6":"product_cat-puffs-banquetas","8":"first","9":"instock","10":"shipping-taxable","11":"product-type-simple"},"_links":{"self":[{"href":"https:\/\/mhr.com.pt\/pt-pt\/wp-json\/wp\/v2\/product\/251686","targetHints":{"allow":["GET"]}}],"collection":[{"href":"https:\/\/mhr.com.pt\/pt-pt\/wp-json\/wp\/v2\/product"}],"about":[{"href":"https:\/\/mhr.com.pt\/pt-pt\/wp-json\/wp\/v2\/types\/product"}],"wp:featuredmedia":[{"embeddable":true,"href":"https:\/\/mhr.com.pt\/pt-pt\/wp-json\/wp\/v2\/media\/251687"}],"wp:attachment":[{"href":"https:\/\/mhr.com.pt\/pt-pt\/wp-json\/wp\/v2\/media?parent=251686"}],"wp:term":[{"taxonomy":"product_brand","embeddable":true,"href":"https:\/\/mhr.com.pt\/pt-pt\/wp-json\/wp\/v2\/product_brand?post=251686"},{"taxonomy":"product_cat","embeddable":true,"href":"https:\/\/mhr.com.pt\/pt-pt\/wp-json\/wp\/v2\/product_cat?post=251686"},{"taxonomy":"product_tag","embeddable":true,"href":"https:\/\/mhr.com.pt\/pt-pt\/wp-json\/wp\/v2\/product_tag?post=251686"}],"curies":[{"name":"wp","href":"https:\/\/api.w.org\/{rel}","templated":true}]}}