{"id":251689,"date":"2022-11-11T10:36:59","date_gmt":"2022-11-11T10:36:59","guid":{"rendered":"https:\/\/mhr.com.pt\/product\/orion\/"},"modified":"2022-11-11T10:36:59","modified_gmt":"2022-11-11T10:36:59","slug":"orion","status":"publish","type":"product","link":"https:\/\/mhr.com.pt\/pt-pt\/product\/orion\/","title":{"rendered":"Orion."},"content":{"rendered":"<p>O Pufe Orion \u00e9 definido por uma mistura de linhas inspiradas em puzzles e jogos de tabuleiro, criando caminhos e formas.<\/p>\n<p>Com um perfil elegante, \u00e9 acentuado pelo seu p\u00e9 alto, mas oferece versatilidade com a op\u00e7\u00e3o de um p\u00e9 mais baixo, adaptando-se a diferentes necessidades e prefer\u00eancias.<\/p>\n","protected":false},"excerpt":{"rendered":"<p>PUFFS<\/p>\n","protected":false},"featured_media":251690,"template":"","meta":{"_et_pb_use_builder":"","_et_pb_old_content":"","_et_gb_content_width":""},"product_brand":[],"product_cat":[519],"product_tag":[],"class_list":{"0":"post-251689","1":"product","2":"type-product","3":"status-publish","4":"has-post-thumbnail","6":"product_cat-puffs-banquetas","8":"first","9":"instock","10":"shipping-taxable","11":"product-type-simple"},"_links":{"self":[{"href":"https:\/\/mhr.com.pt\/pt-pt\/wp-json\/wp\/v2\/product\/251689","targetHints":{"allow":["GET"]}}],"collection":[{"href":"https:\/\/mhr.com.pt\/pt-pt\/wp-json\/wp\/v2\/product"}],"about":[{"href":"https:\/\/mhr.com.pt\/pt-pt\/wp-json\/wp\/v2\/types\/product"}],"wp:featuredmedia":[{"embeddable":true,"href":"https:\/\/mhr.com.pt\/pt-pt\/wp-json\/wp\/v2\/media\/251690"}],"wp:attachment":[{"href":"https:\/\/mhr.com.pt\/pt-pt\/wp-json\/wp\/v2\/media?parent=251689"}],"wp:term":[{"taxonomy":"product_brand","embeddable":true,"href":"https:\/\/mhr.com.pt\/pt-pt\/wp-json\/wp\/v2\/product_brand?post=251689"},{"taxonomy":"product_cat","embeddable":true,"href":"https:\/\/mhr.com.pt\/pt-pt\/wp-json\/wp\/v2\/product_cat?post=251689"},{"taxonomy":"product_tag","embeddable":true,"href":"https:\/\/mhr.com.pt\/pt-pt\/wp-json\/wp\/v2\/product_tag?post=251689"}],"curies":[{"name":"wp","href":"https:\/\/api.w.org\/{rel}","templated":true}]}}