{"id":251693,"date":"2022-11-11T10:40:07","date_gmt":"2022-11-11T10:40:07","guid":{"rendered":"https:\/\/mhr.com.pt\/product\/sound\/"},"modified":"2022-11-11T10:40:07","modified_gmt":"2022-11-11T10:40:07","slug":"sound","status":"publish","type":"product","link":"https:\/\/mhr.com.pt\/pt-pt\/product\/sound\/","title":{"rendered":"Sound."},"content":{"rendered":"<p>Os Pufes Sound exalam uma sensa\u00e7\u00e3o de conforto atrav\u00e9s dos seus pain\u00e9is laterais, que definem uma forma arredondada e acolhedora.<\/p>\n<p>Estas pe\u00e7as integram-se perfeitamente em diversos ambientes, oferecendo uma variedade de formas e criando um ambiente reconfortante onde quer que sejam colocadas.<\/p>\n","protected":false},"excerpt":{"rendered":"<p>PUFFS<\/p>\n","protected":false},"featured_media":251694,"template":"","meta":{"_et_pb_use_builder":"","_et_pb_old_content":"","_et_gb_content_width":""},"product_brand":[],"product_cat":[522,519],"product_tag":[],"class_list":{"0":"post-251693","1":"product","2":"type-product","3":"status-publish","4":"has-post-thumbnail","6":"product_cat-olivia-acessorios","7":"product_cat-puffs-banquetas","9":"first","10":"instock","11":"shipping-taxable","12":"product-type-simple"},"_links":{"self":[{"href":"https:\/\/mhr.com.pt\/pt-pt\/wp-json\/wp\/v2\/product\/251693","targetHints":{"allow":["GET"]}}],"collection":[{"href":"https:\/\/mhr.com.pt\/pt-pt\/wp-json\/wp\/v2\/product"}],"about":[{"href":"https:\/\/mhr.com.pt\/pt-pt\/wp-json\/wp\/v2\/types\/product"}],"wp:featuredmedia":[{"embeddable":true,"href":"https:\/\/mhr.com.pt\/pt-pt\/wp-json\/wp\/v2\/media\/251694"}],"wp:attachment":[{"href":"https:\/\/mhr.com.pt\/pt-pt\/wp-json\/wp\/v2\/media?parent=251693"}],"wp:term":[{"taxonomy":"product_brand","embeddable":true,"href":"https:\/\/mhr.com.pt\/pt-pt\/wp-json\/wp\/v2\/product_brand?post=251693"},{"taxonomy":"product_cat","embeddable":true,"href":"https:\/\/mhr.com.pt\/pt-pt\/wp-json\/wp\/v2\/product_cat?post=251693"},{"taxonomy":"product_tag","embeddable":true,"href":"https:\/\/mhr.com.pt\/pt-pt\/wp-json\/wp\/v2\/product_tag?post=251693"}],"curies":[{"name":"wp","href":"https:\/\/api.w.org\/{rel}","templated":true}]}}