{"id":251712,"date":"2022-11-07T16:45:54","date_gmt":"2022-11-07T16:45:54","guid":{"rendered":"https:\/\/mhr.com.pt\/product\/elaine\/"},"modified":"2022-11-07T16:45:54","modified_gmt":"2022-11-07T16:45:54","slug":"elaine","status":"publish","type":"product","link":"https:\/\/mhr.com.pt\/pt-pt\/product\/elaine\/","title":{"rendered":"Elaine."},"content":{"rendered":"<p>A mesa de apoio Elaine, com dimens\u00f5es perfeitas para encaixar sobre o bra\u00e7o de um sof\u00e1, \u00e9 projetada para complementar a configura\u00e7\u00e3o da sua sala de estar.<\/p>\n<p>O seu design elegante proporciona conveni\u00eancia sem sacrificar o estilo.<\/p>\n","protected":false},"excerpt":{"rendered":"<p>MESA DE APOIO<\/p>\n","protected":false},"featured_media":251713,"template":"","meta":{"_et_pb_use_builder":"","_et_pb_old_content":"","_et_gb_content_width":""},"product_brand":[],"product_cat":[521],"product_tag":[],"class_list":{"0":"post-251712","1":"product","2":"type-product","3":"status-publish","4":"has-post-thumbnail","6":"product_cat-mesas-apoio-centro","8":"first","9":"instock","10":"shipping-taxable","11":"product-type-simple"},"_links":{"self":[{"href":"https:\/\/mhr.com.pt\/pt-pt\/wp-json\/wp\/v2\/product\/251712","targetHints":{"allow":["GET"]}}],"collection":[{"href":"https:\/\/mhr.com.pt\/pt-pt\/wp-json\/wp\/v2\/product"}],"about":[{"href":"https:\/\/mhr.com.pt\/pt-pt\/wp-json\/wp\/v2\/types\/product"}],"wp:featuredmedia":[{"embeddable":true,"href":"https:\/\/mhr.com.pt\/pt-pt\/wp-json\/wp\/v2\/media\/251713"}],"wp:attachment":[{"href":"https:\/\/mhr.com.pt\/pt-pt\/wp-json\/wp\/v2\/media?parent=251712"}],"wp:term":[{"taxonomy":"product_brand","embeddable":true,"href":"https:\/\/mhr.com.pt\/pt-pt\/wp-json\/wp\/v2\/product_brand?post=251712"},{"taxonomy":"product_cat","embeddable":true,"href":"https:\/\/mhr.com.pt\/pt-pt\/wp-json\/wp\/v2\/product_cat?post=251712"},{"taxonomy":"product_tag","embeddable":true,"href":"https:\/\/mhr.com.pt\/pt-pt\/wp-json\/wp\/v2\/product_tag?post=251712"}],"curies":[{"name":"wp","href":"https:\/\/api.w.org\/{rel}","templated":true}]}}