{"id":251723,"date":"2021-02-26T15:39:16","date_gmt":"2021-02-26T15:39:16","guid":{"rendered":"https:\/\/mhr.com.pt\/product\/nube\/"},"modified":"2021-02-26T15:39:16","modified_gmt":"2021-02-26T15:39:16","slug":"nube","status":"publish","type":"product","link":"https:\/\/mhr.com.pt\/pt-pt\/product\/nube\/","title":{"rendered":"Nube."},"content":{"rendered":"<p>A mesa de apoio Nube \u00e9 uma pe\u00e7a elegante com uma estrutura met\u00e1lica e um tampo de vidro, criando um efeito visual marcante.<\/p>\n<p>A caracter\u00edstica desta mesa s\u00e3o as suas pernas irregulares, que adicionam um elemento de surpresa e estilo ao seu design.<\/p>\n","protected":false},"excerpt":{"rendered":"<p>MESA DE APOIO<\/p>\n","protected":false},"featured_media":251724,"template":"","meta":{"_et_pb_use_builder":"","_et_pb_old_content":"","_et_gb_content_width":""},"product_brand":[],"product_cat":[521],"product_tag":[],"class_list":{"0":"post-251723","1":"product","2":"type-product","3":"status-publish","4":"has-post-thumbnail","6":"product_cat-mesas-apoio-centro","8":"first","9":"instock","10":"virtual","11":"product-type-simple"},"_links":{"self":[{"href":"https:\/\/mhr.com.pt\/pt-pt\/wp-json\/wp\/v2\/product\/251723","targetHints":{"allow":["GET"]}}],"collection":[{"href":"https:\/\/mhr.com.pt\/pt-pt\/wp-json\/wp\/v2\/product"}],"about":[{"href":"https:\/\/mhr.com.pt\/pt-pt\/wp-json\/wp\/v2\/types\/product"}],"wp:featuredmedia":[{"embeddable":true,"href":"https:\/\/mhr.com.pt\/pt-pt\/wp-json\/wp\/v2\/media\/251724"}],"wp:attachment":[{"href":"https:\/\/mhr.com.pt\/pt-pt\/wp-json\/wp\/v2\/media?parent=251723"}],"wp:term":[{"taxonomy":"product_brand","embeddable":true,"href":"https:\/\/mhr.com.pt\/pt-pt\/wp-json\/wp\/v2\/product_brand?post=251723"},{"taxonomy":"product_cat","embeddable":true,"href":"https:\/\/mhr.com.pt\/pt-pt\/wp-json\/wp\/v2\/product_cat?post=251723"},{"taxonomy":"product_tag","embeddable":true,"href":"https:\/\/mhr.com.pt\/pt-pt\/wp-json\/wp\/v2\/product_tag?post=251723"}],"curies":[{"name":"wp","href":"https:\/\/api.w.org\/{rel}","templated":true}]}}