{"id":251730,"date":"2022-11-07T16:57:35","date_gmt":"2022-11-07T16:57:35","guid":{"rendered":"https:\/\/mhr.com.pt\/product\/top\/"},"modified":"2022-11-07T16:57:35","modified_gmt":"2022-11-07T16:57:35","slug":"top","status":"publish","type":"product","link":"https:\/\/mhr.com.pt\/pt-pt\/product\/top\/","title":{"rendered":"Top."},"content":{"rendered":"<p>Como o nome sugere, a mesa de apoio Top \u00e9 projetada para sobrepor-se a outras pe\u00e7as, como pufes, sem perder o seu sentido de prop\u00f3sito.<\/p>\n<p>Dispon\u00edvel em dois tamanhos, a sua estrutura met\u00e1lica fina e o tampo de vidro elegante permitem que destaque o item que est\u00e1 por baixo sem chocar visualmente.<\/p>\n","protected":false},"excerpt":{"rendered":"<p>MESAS DE APOIO<\/p>\n","protected":false},"featured_media":251731,"template":"","meta":{"_et_pb_use_builder":"","_et_pb_old_content":"","_et_gb_content_width":""},"product_brand":[],"product_cat":[521,522],"product_tag":[],"class_list":{"0":"post-251730","1":"product","2":"type-product","3":"status-publish","4":"has-post-thumbnail","6":"product_cat-mesas-apoio-centro","7":"product_cat-olivia-acessorios","9":"first","10":"instock","11":"shipping-taxable","12":"product-type-simple"},"_links":{"self":[{"href":"https:\/\/mhr.com.pt\/pt-pt\/wp-json\/wp\/v2\/product\/251730","targetHints":{"allow":["GET"]}}],"collection":[{"href":"https:\/\/mhr.com.pt\/pt-pt\/wp-json\/wp\/v2\/product"}],"about":[{"href":"https:\/\/mhr.com.pt\/pt-pt\/wp-json\/wp\/v2\/types\/product"}],"wp:featuredmedia":[{"embeddable":true,"href":"https:\/\/mhr.com.pt\/pt-pt\/wp-json\/wp\/v2\/media\/251731"}],"wp:attachment":[{"href":"https:\/\/mhr.com.pt\/pt-pt\/wp-json\/wp\/v2\/media?parent=251730"}],"wp:term":[{"taxonomy":"product_brand","embeddable":true,"href":"https:\/\/mhr.com.pt\/pt-pt\/wp-json\/wp\/v2\/product_brand?post=251730"},{"taxonomy":"product_cat","embeddable":true,"href":"https:\/\/mhr.com.pt\/pt-pt\/wp-json\/wp\/v2\/product_cat?post=251730"},{"taxonomy":"product_tag","embeddable":true,"href":"https:\/\/mhr.com.pt\/pt-pt\/wp-json\/wp\/v2\/product_tag?post=251730"}],"curies":[{"name":"wp","href":"https:\/\/api.w.org\/{rel}","templated":true}]}}