{"id":251733,"date":"2025-03-20T10:59:48","date_gmt":"2025-03-20T10:59:48","guid":{"rendered":"https:\/\/mhr.com.pt\/product\/ully\/"},"modified":"2025-03-20T10:59:48","modified_gmt":"2025-03-20T10:59:48","slug":"ully","status":"publish","type":"product","link":"https:\/\/mhr.com.pt\/pt-pt\/product\/ully\/","title":{"rendered":"Ully."},"content":{"rendered":"<p>A mesa de apoio Ully, feita de acr\u00edlico, \u00e9 subtil e delicada, com a capacidade \u00fanica de passar despercebida ou chamar a aten\u00e7\u00e3o.<\/p>\n<p>O seu design transparente proporciona versatilidade, encaixando-se sem esfor\u00e7o em diversos estilos de decora\u00e7\u00e3o e espa\u00e7os.<\/p>\n","protected":false},"excerpt":{"rendered":"<p>MESA DE APOIO<\/p>\n","protected":false},"featured_media":251734,"template":"","meta":{"_et_pb_use_builder":"","_et_pb_old_content":"","_et_gb_content_width":""},"product_brand":[],"product_cat":[521],"product_tag":[],"class_list":{"0":"post-251733","1":"product","2":"type-product","3":"status-publish","4":"has-post-thumbnail","6":"product_cat-mesas-apoio-centro","8":"first","9":"instock","10":"shipping-taxable","11":"product-type-simple"},"_links":{"self":[{"href":"https:\/\/mhr.com.pt\/pt-pt\/wp-json\/wp\/v2\/product\/251733","targetHints":{"allow":["GET"]}}],"collection":[{"href":"https:\/\/mhr.com.pt\/pt-pt\/wp-json\/wp\/v2\/product"}],"about":[{"href":"https:\/\/mhr.com.pt\/pt-pt\/wp-json\/wp\/v2\/types\/product"}],"wp:featuredmedia":[{"embeddable":true,"href":"https:\/\/mhr.com.pt\/pt-pt\/wp-json\/wp\/v2\/media\/251734"}],"wp:attachment":[{"href":"https:\/\/mhr.com.pt\/pt-pt\/wp-json\/wp\/v2\/media?parent=251733"}],"wp:term":[{"taxonomy":"product_brand","embeddable":true,"href":"https:\/\/mhr.com.pt\/pt-pt\/wp-json\/wp\/v2\/product_brand?post=251733"},{"taxonomy":"product_cat","embeddable":true,"href":"https:\/\/mhr.com.pt\/pt-pt\/wp-json\/wp\/v2\/product_cat?post=251733"},{"taxonomy":"product_tag","embeddable":true,"href":"https:\/\/mhr.com.pt\/pt-pt\/wp-json\/wp\/v2\/product_tag?post=251733"}],"curies":[{"name":"wp","href":"https:\/\/api.w.org\/{rel}","templated":true}]}}