{"id":251735,"date":"2025-03-19T17:52:03","date_gmt":"2025-03-19T17:52:03","guid":{"rendered":"https:\/\/mhr.com.pt\/product\/adams\/"},"modified":"2025-03-19T17:52:03","modified_gmt":"2025-03-19T17:52:03","slug":"adams","status":"publish","type":"product","link":"https:\/\/mhr.com.pt\/pt-pt\/product\/adams\/","title":{"rendered":"Adams."},"content":{"rendered":"<p>A mesa de centro Adams \u00e9 uma pe\u00e7a redonda com uma estrutura s\u00f3lida e robusta. \u00c0 primeira vista, o design minimalista esconde um tampo resistente.<\/p>\n<p>A base da mesa \u00e9 composta por duas metades: uma \u00e9 de acr\u00edlico, criando um efeito visual de desequil\u00edbrio, enquanto a outra \u00e9 uma meia-lua robusta e ripada que visualmente parece ser o \u00fanico suporte da mesa. Este design engenhoso d\u00e1 \u00e0 Adams uma presen\u00e7a \u00fanica e marcante em qualquer sala de estar.<\/p>\n","protected":false},"excerpt":{"rendered":"<p>MESA DE CENTRO<\/p>\n","protected":false},"featured_media":251708,"template":"","meta":{"_et_pb_use_builder":"","_et_pb_old_content":"","_et_gb_content_width":""},"product_brand":[],"product_cat":[521],"product_tag":[],"class_list":{"0":"post-251735","1":"product","2":"type-product","3":"status-publish","4":"has-post-thumbnail","6":"product_cat-mesas-apoio-centro","8":"first","9":"instock","10":"shipping-taxable","11":"product-type-simple"},"_links":{"self":[{"href":"https:\/\/mhr.com.pt\/pt-pt\/wp-json\/wp\/v2\/product\/251735","targetHints":{"allow":["GET"]}}],"collection":[{"href":"https:\/\/mhr.com.pt\/pt-pt\/wp-json\/wp\/v2\/product"}],"about":[{"href":"https:\/\/mhr.com.pt\/pt-pt\/wp-json\/wp\/v2\/types\/product"}],"wp:featuredmedia":[{"embeddable":true,"href":"https:\/\/mhr.com.pt\/pt-pt\/wp-json\/wp\/v2\/media\/251708"}],"wp:attachment":[{"href":"https:\/\/mhr.com.pt\/pt-pt\/wp-json\/wp\/v2\/media?parent=251735"}],"wp:term":[{"taxonomy":"product_brand","embeddable":true,"href":"https:\/\/mhr.com.pt\/pt-pt\/wp-json\/wp\/v2\/product_brand?post=251735"},{"taxonomy":"product_cat","embeddable":true,"href":"https:\/\/mhr.com.pt\/pt-pt\/wp-json\/wp\/v2\/product_cat?post=251735"},{"taxonomy":"product_tag","embeddable":true,"href":"https:\/\/mhr.com.pt\/pt-pt\/wp-json\/wp\/v2\/product_tag?post=251735"}],"curies":[{"name":"wp","href":"https:\/\/api.w.org\/{rel}","templated":true}]}}