{"id":251738,"date":"2025-03-19T17:55:02","date_gmt":"2025-03-19T17:55:02","guid":{"rendered":"https:\/\/mhr.com.pt\/product\/angie\/"},"modified":"2025-03-19T17:55:02","modified_gmt":"2025-03-19T17:55:02","slug":"angie","status":"publish","type":"product","link":"https:\/\/mhr.com.pt\/pt-pt\/product\/angie\/","title":{"rendered":"Angie."},"content":{"rendered":"<p>A mesa de centro Angie, com p\u00e9s de acr\u00edlico que criam um efeito suspenso, oferece v\u00e1rias op\u00e7\u00f5es de largura e altura para se adaptar a uma variedade de ambientes. Esta pe\u00e7a pode servir como o ponto central perfeito para uma \u00e1rea de lazer ou como mesa lateral ao lado de um sof\u00e1 ou cadeir\u00e3o.<\/p>\n<p>O design da mesa permite combina\u00e7\u00f5es vers\u00e1teis, misturando diferentes materiais de forma harmoniosa. O estofamento proporciona um conforto incompar\u00e1vel, enquanto o tampo de madeira embutido acrescenta funcionalidade pr\u00e1tica.<\/p>\n","protected":false},"excerpt":{"rendered":"<p>MESAS DE CENTRO<\/p>\n","protected":false},"featured_media":251709,"template":"","meta":{"_et_pb_use_builder":"","_et_pb_old_content":"","_et_gb_content_width":""},"product_brand":[],"product_cat":[521],"product_tag":[],"class_list":{"0":"post-251738","1":"product","2":"type-product","3":"status-publish","4":"has-post-thumbnail","6":"product_cat-mesas-apoio-centro","8":"first","9":"instock","10":"shipping-taxable","11":"product-type-simple"},"_links":{"self":[{"href":"https:\/\/mhr.com.pt\/pt-pt\/wp-json\/wp\/v2\/product\/251738","targetHints":{"allow":["GET"]}}],"collection":[{"href":"https:\/\/mhr.com.pt\/pt-pt\/wp-json\/wp\/v2\/product"}],"about":[{"href":"https:\/\/mhr.com.pt\/pt-pt\/wp-json\/wp\/v2\/types\/product"}],"wp:featuredmedia":[{"embeddable":true,"href":"https:\/\/mhr.com.pt\/pt-pt\/wp-json\/wp\/v2\/media\/251709"}],"wp:attachment":[{"href":"https:\/\/mhr.com.pt\/pt-pt\/wp-json\/wp\/v2\/media?parent=251738"}],"wp:term":[{"taxonomy":"product_brand","embeddable":true,"href":"https:\/\/mhr.com.pt\/pt-pt\/wp-json\/wp\/v2\/product_brand?post=251738"},{"taxonomy":"product_cat","embeddable":true,"href":"https:\/\/mhr.com.pt\/pt-pt\/wp-json\/wp\/v2\/product_cat?post=251738"},{"taxonomy":"product_tag","embeddable":true,"href":"https:\/\/mhr.com.pt\/pt-pt\/wp-json\/wp\/v2\/product_tag?post=251738"}],"curies":[{"name":"wp","href":"https:\/\/api.w.org\/{rel}","templated":true}]}}