{"id":251745,"date":"2022-11-07T17:07:34","date_gmt":"2022-11-07T17:07:34","guid":{"rendered":"https:\/\/mhr.com.pt\/product\/chloe\/"},"modified":"2022-11-07T17:07:34","modified_gmt":"2022-11-07T17:07:34","slug":"chloe","status":"publish","type":"product","link":"https:\/\/mhr.com.pt\/pt-pt\/product\/chloe\/","title":{"rendered":"Chlo\u00e9."},"content":{"rendered":"<p>As mesas de centro Chloe e Kate formam um conjunto elegante que, atrav\u00e9s de diferentes tamanhos, criam uma composi\u00e7\u00e3o harmoniosa.<\/p>\n<p>Estas mesas funcionam perfeitamente tanto individualmente quanto em conjunto, acrescentando uma mistura refinada de materiais a qualquer espa\u00e7o, traduzindo-se num design moderno que se adapta a v\u00e1rios estilos de interiores.<\/p>\n","protected":false},"excerpt":{"rendered":"<p>MESA DE CENTRO<\/p>\n","protected":false},"featured_media":251746,"template":"","meta":{"_et_pb_use_builder":"","_et_pb_old_content":"","_et_gb_content_width":""},"product_brand":[],"product_cat":[521],"product_tag":[],"class_list":{"0":"post-251745","1":"product","2":"type-product","3":"status-publish","4":"has-post-thumbnail","6":"product_cat-mesas-apoio-centro","8":"first","9":"instock","10":"shipping-taxable","11":"product-type-simple"},"_links":{"self":[{"href":"https:\/\/mhr.com.pt\/pt-pt\/wp-json\/wp\/v2\/product\/251745","targetHints":{"allow":["GET"]}}],"collection":[{"href":"https:\/\/mhr.com.pt\/pt-pt\/wp-json\/wp\/v2\/product"}],"about":[{"href":"https:\/\/mhr.com.pt\/pt-pt\/wp-json\/wp\/v2\/types\/product"}],"wp:featuredmedia":[{"embeddable":true,"href":"https:\/\/mhr.com.pt\/pt-pt\/wp-json\/wp\/v2\/media\/251746"}],"wp:attachment":[{"href":"https:\/\/mhr.com.pt\/pt-pt\/wp-json\/wp\/v2\/media?parent=251745"}],"wp:term":[{"taxonomy":"product_brand","embeddable":true,"href":"https:\/\/mhr.com.pt\/pt-pt\/wp-json\/wp\/v2\/product_brand?post=251745"},{"taxonomy":"product_cat","embeddable":true,"href":"https:\/\/mhr.com.pt\/pt-pt\/wp-json\/wp\/v2\/product_cat?post=251745"},{"taxonomy":"product_tag","embeddable":true,"href":"https:\/\/mhr.com.pt\/pt-pt\/wp-json\/wp\/v2\/product_tag?post=251745"}],"curies":[{"name":"wp","href":"https:\/\/api.w.org\/{rel}","templated":true}]}}