{"id":251760,"date":"2022-11-07T17:20:04","date_gmt":"2022-11-07T17:20:04","guid":{"rendered":"https:\/\/mhr.com.pt\/product\/mia\/"},"modified":"2022-11-07T17:20:04","modified_gmt":"2022-11-07T17:20:04","slug":"mia","status":"publish","type":"product","link":"https:\/\/mhr.com.pt\/pt-pt\/product\/mia\/","title":{"rendered":"Mia."},"content":{"rendered":"<p>A mesa de centro Mia combina tecido e madeira para adicionar conforto e estilo a qualquer espa\u00e7o de conv\u00edvio.<\/p>\n<p>Com um corpo estofado e um tampo de madeira embutido, Mia funde conforto com design, oferecendo in\u00fameras op\u00e7\u00f5es de acabamentos para se adequar a diferentes gostos e interiores.<\/p>\n","protected":false},"excerpt":{"rendered":"<p>MESA DE CENTRO<\/p>\n","protected":false},"featured_media":251763,"template":"","meta":{"_et_pb_use_builder":"","_et_pb_old_content":"","_et_gb_content_width":""},"product_brand":[],"product_cat":[521],"product_tag":[],"class_list":{"0":"post-251760","1":"product","2":"type-product","3":"status-publish","4":"has-post-thumbnail","6":"product_cat-mesas-apoio-centro","8":"first","9":"instock","10":"shipping-taxable","11":"product-type-simple"},"_links":{"self":[{"href":"https:\/\/mhr.com.pt\/pt-pt\/wp-json\/wp\/v2\/product\/251760","targetHints":{"allow":["GET"]}}],"collection":[{"href":"https:\/\/mhr.com.pt\/pt-pt\/wp-json\/wp\/v2\/product"}],"about":[{"href":"https:\/\/mhr.com.pt\/pt-pt\/wp-json\/wp\/v2\/types\/product"}],"wp:featuredmedia":[{"embeddable":true,"href":"https:\/\/mhr.com.pt\/pt-pt\/wp-json\/wp\/v2\/media\/251763"}],"wp:attachment":[{"href":"https:\/\/mhr.com.pt\/pt-pt\/wp-json\/wp\/v2\/media?parent=251760"}],"wp:term":[{"taxonomy":"product_brand","embeddable":true,"href":"https:\/\/mhr.com.pt\/pt-pt\/wp-json\/wp\/v2\/product_brand?post=251760"},{"taxonomy":"product_cat","embeddable":true,"href":"https:\/\/mhr.com.pt\/pt-pt\/wp-json\/wp\/v2\/product_cat?post=251760"},{"taxonomy":"product_tag","embeddable":true,"href":"https:\/\/mhr.com.pt\/pt-pt\/wp-json\/wp\/v2\/product_tag?post=251760"}],"curies":[{"name":"wp","href":"https:\/\/api.w.org\/{rel}","templated":true}]}}