{"id":251765,"date":"2022-11-07T17:22:26","date_gmt":"2022-11-07T17:22:26","guid":{"rendered":"https:\/\/mhr.com.pt\/product\/nemea\/"},"modified":"2022-11-07T17:22:26","modified_gmt":"2022-11-07T17:22:26","slug":"nemea","status":"publish","type":"product","link":"https:\/\/mhr.com.pt\/pt-pt\/product\/nemea\/","title":{"rendered":"Nemea."},"content":{"rendered":"<p>A mesa de centro Nemea tem um design quadrado que inclui espa\u00e7o para arruma\u00e7\u00e3o, combinando um tampo de madeira com um tabuleiro de metal embutido.<\/p>\n<p>As suas pernas altas e elegantes contrastam com a estrutura s\u00f3lida, oferecendo uma adi\u00e7\u00e3o funcional, mas elegante, \u00e0 sua \u00e1rea de conviv\u00eancia.<\/p>\n","protected":false},"excerpt":{"rendered":"<p>MESA DE CENTRO<\/p>\n","protected":false},"featured_media":251766,"template":"","meta":{"_et_pb_use_builder":"","_et_pb_old_content":"","_et_gb_content_width":""},"product_brand":[],"product_cat":[521],"product_tag":[],"class_list":{"0":"post-251765","1":"product","2":"type-product","3":"status-publish","4":"has-post-thumbnail","6":"product_cat-mesas-apoio-centro","8":"first","9":"instock","10":"shipping-taxable","11":"product-type-simple"},"_links":{"self":[{"href":"https:\/\/mhr.com.pt\/pt-pt\/wp-json\/wp\/v2\/product\/251765","targetHints":{"allow":["GET"]}}],"collection":[{"href":"https:\/\/mhr.com.pt\/pt-pt\/wp-json\/wp\/v2\/product"}],"about":[{"href":"https:\/\/mhr.com.pt\/pt-pt\/wp-json\/wp\/v2\/types\/product"}],"wp:featuredmedia":[{"embeddable":true,"href":"https:\/\/mhr.com.pt\/pt-pt\/wp-json\/wp\/v2\/media\/251766"}],"wp:attachment":[{"href":"https:\/\/mhr.com.pt\/pt-pt\/wp-json\/wp\/v2\/media?parent=251765"}],"wp:term":[{"taxonomy":"product_brand","embeddable":true,"href":"https:\/\/mhr.com.pt\/pt-pt\/wp-json\/wp\/v2\/product_brand?post=251765"},{"taxonomy":"product_cat","embeddable":true,"href":"https:\/\/mhr.com.pt\/pt-pt\/wp-json\/wp\/v2\/product_cat?post=251765"},{"taxonomy":"product_tag","embeddable":true,"href":"https:\/\/mhr.com.pt\/pt-pt\/wp-json\/wp\/v2\/product_tag?post=251765"}],"curies":[{"name":"wp","href":"https:\/\/api.w.org\/{rel}","templated":true}]}}