{"id":251772,"date":"2022-11-07T17:38:12","date_gmt":"2022-11-07T17:38:12","guid":{"rendered":"https:\/\/mhr.com.pt\/product\/kim-2\/"},"modified":"2022-11-07T17:38:12","modified_gmt":"2022-11-07T17:38:12","slug":"kim-2","status":"publish","type":"product","link":"https:\/\/mhr.com.pt\/pt-pt\/product\/kim-2\/","title":{"rendered":"Kim."},"content":{"rendered":"<p>A mesa de centro Kim \u00e9 desenhada para acomodar pufes por baixo, aumentando a versatilidade da \u00e1rea onde \u00e9 colocada.<\/p>\n<p>Apresentando linhas retas simples, combina uma estrutura met\u00e1lica com um tampo de madeira, criando um design minimalista, mas funcional, ideal para espa\u00e7os de conv\u00edvio din\u00e2micos.<\/p>\n","protected":false},"excerpt":{"rendered":"<p>MESAS DE CENTRO<\/p>\n","protected":false},"featured_media":251773,"template":"","meta":{"_et_pb_use_builder":"","_et_pb_old_content":"","_et_gb_content_width":""},"product_brand":[],"product_cat":[521],"product_tag":[],"class_list":{"0":"post-251772","1":"product","2":"type-product","3":"status-publish","4":"has-post-thumbnail","6":"product_cat-mesas-apoio-centro","8":"first","9":"instock","10":"shipping-taxable","11":"product-type-simple"},"_links":{"self":[{"href":"https:\/\/mhr.com.pt\/pt-pt\/wp-json\/wp\/v2\/product\/251772","targetHints":{"allow":["GET"]}}],"collection":[{"href":"https:\/\/mhr.com.pt\/pt-pt\/wp-json\/wp\/v2\/product"}],"about":[{"href":"https:\/\/mhr.com.pt\/pt-pt\/wp-json\/wp\/v2\/types\/product"}],"wp:featuredmedia":[{"embeddable":true,"href":"https:\/\/mhr.com.pt\/pt-pt\/wp-json\/wp\/v2\/media\/251773"}],"wp:attachment":[{"href":"https:\/\/mhr.com.pt\/pt-pt\/wp-json\/wp\/v2\/media?parent=251772"}],"wp:term":[{"taxonomy":"product_brand","embeddable":true,"href":"https:\/\/mhr.com.pt\/pt-pt\/wp-json\/wp\/v2\/product_brand?post=251772"},{"taxonomy":"product_cat","embeddable":true,"href":"https:\/\/mhr.com.pt\/pt-pt\/wp-json\/wp\/v2\/product_cat?post=251772"},{"taxonomy":"product_tag","embeddable":true,"href":"https:\/\/mhr.com.pt\/pt-pt\/wp-json\/wp\/v2\/product_tag?post=251772"}],"curies":[{"name":"wp","href":"https:\/\/api.w.org\/{rel}","templated":true}]}}