{"id":251777,"date":"2022-11-07T17:16:40","date_gmt":"2022-11-07T17:16:40","guid":{"rendered":"https:\/\/mhr.com.pt\/product\/ledger\/"},"modified":"2022-11-07T17:16:40","modified_gmt":"2022-11-07T17:16:40","slug":"ledger","status":"publish","type":"product","link":"https:\/\/mhr.com.pt\/pt-pt\/product\/ledger\/","title":{"rendered":"Ledger."},"content":{"rendered":"<p>As mesas de centro Ledger oferecem tr\u00eas formas: circular, retangular ou quadrada, adaptando-se ao que melhor se encaixa no seu espa\u00e7o de conv\u00edvio.<\/p>\n<p>Cada mesa apresenta um design s\u00f3lido com um tampo espelhado e uma estrutura met\u00e1lica, proporcionando um toque moderno enquanto mant\u00e9m a praticidade e o apelo est\u00e9tico.<\/p>\n","protected":false},"excerpt":{"rendered":"<p>MESAS DE CENTRO<\/p>\n","protected":false},"featured_media":251778,"template":"","meta":{"_et_pb_use_builder":"","_et_pb_old_content":"","_et_gb_content_width":""},"product_brand":[],"product_cat":[521],"product_tag":[],"class_list":{"0":"post-251777","1":"product","2":"type-product","3":"status-publish","4":"has-post-thumbnail","6":"product_cat-mesas-apoio-centro","8":"first","9":"instock","10":"shipping-taxable","11":"product-type-simple"},"_links":{"self":[{"href":"https:\/\/mhr.com.pt\/pt-pt\/wp-json\/wp\/v2\/product\/251777","targetHints":{"allow":["GET"]}}],"collection":[{"href":"https:\/\/mhr.com.pt\/pt-pt\/wp-json\/wp\/v2\/product"}],"about":[{"href":"https:\/\/mhr.com.pt\/pt-pt\/wp-json\/wp\/v2\/types\/product"}],"wp:featuredmedia":[{"embeddable":true,"href":"https:\/\/mhr.com.pt\/pt-pt\/wp-json\/wp\/v2\/media\/251778"}],"wp:attachment":[{"href":"https:\/\/mhr.com.pt\/pt-pt\/wp-json\/wp\/v2\/media?parent=251777"}],"wp:term":[{"taxonomy":"product_brand","embeddable":true,"href":"https:\/\/mhr.com.pt\/pt-pt\/wp-json\/wp\/v2\/product_brand?post=251777"},{"taxonomy":"product_cat","embeddable":true,"href":"https:\/\/mhr.com.pt\/pt-pt\/wp-json\/wp\/v2\/product_cat?post=251777"},{"taxonomy":"product_tag","embeddable":true,"href":"https:\/\/mhr.com.pt\/pt-pt\/wp-json\/wp\/v2\/product_tag?post=251777"}],"curies":[{"name":"wp","href":"https:\/\/api.w.org\/{rel}","templated":true}]}}