{"id":251785,"date":"2022-11-14T12:31:55","date_gmt":"2022-11-14T12:31:55","guid":{"rendered":"https:\/\/mhr.com.pt\/product\/west-2\/"},"modified":"2022-11-14T12:31:55","modified_gmt":"2022-11-14T12:31:55","slug":"west-2","status":"publish","type":"product","link":"https:\/\/mhr.com.pt\/pt-pt\/product\/west-2\/","title":{"rendered":"West."},"content":{"rendered":"<p>A Mesa de Jantar West incorpora um design minimalista com um tampo ovalado que imita a forma elegante de uma asa de avi\u00e3o.<\/p>\n<p>\u00c0 primeira vista, a mesa parece minimalista, mas esconde uma estrutura s\u00f3lida e robusta.<\/p>\n<p>O p\u00e9 recria a forma oval da mesa com um corte diagonal que adiciona leveza, dinamismo e movimento.<\/p>\n<p>A op\u00e7\u00e3o de tampo de vidro oferece uma vista privilegiada da elegante base da mesa, real\u00e7ando a sua est\u00e9tica geral.<\/p>\n","protected":false},"excerpt":{"rendered":"<p>MESAS DE JANTAR<\/p>\n","protected":false},"featured_media":251786,"template":"","meta":{"_et_pb_use_builder":"","_et_pb_old_content":"","_et_gb_content_width":""},"product_brand":[],"product_cat":[533,532],"product_tag":[],"class_list":{"0":"post-251785","1":"product","2":"type-product","3":"status-publish","4":"has-post-thumbnail","6":"product_cat-mesas-de-jantar","7":"product_cat-sala-de-jantar-e-acessorios","9":"first","10":"instock","11":"shipping-taxable","12":"product-type-simple"},"_links":{"self":[{"href":"https:\/\/mhr.com.pt\/pt-pt\/wp-json\/wp\/v2\/product\/251785","targetHints":{"allow":["GET"]}}],"collection":[{"href":"https:\/\/mhr.com.pt\/pt-pt\/wp-json\/wp\/v2\/product"}],"about":[{"href":"https:\/\/mhr.com.pt\/pt-pt\/wp-json\/wp\/v2\/types\/product"}],"wp:featuredmedia":[{"embeddable":true,"href":"https:\/\/mhr.com.pt\/pt-pt\/wp-json\/wp\/v2\/media\/251786"}],"wp:attachment":[{"href":"https:\/\/mhr.com.pt\/pt-pt\/wp-json\/wp\/v2\/media?parent=251785"}],"wp:term":[{"taxonomy":"product_brand","embeddable":true,"href":"https:\/\/mhr.com.pt\/pt-pt\/wp-json\/wp\/v2\/product_brand?post=251785"},{"taxonomy":"product_cat","embeddable":true,"href":"https:\/\/mhr.com.pt\/pt-pt\/wp-json\/wp\/v2\/product_cat?post=251785"},{"taxonomy":"product_tag","embeddable":true,"href":"https:\/\/mhr.com.pt\/pt-pt\/wp-json\/wp\/v2\/product_tag?post=251785"}],"curies":[{"name":"wp","href":"https:\/\/api.w.org\/{rel}","templated":true}]}}