{"id":251810,"date":"2025-03-24T16:26:30","date_gmt":"2025-03-24T16:26:30","guid":{"rendered":"https:\/\/mhr.com.pt\/product\/jade-2\/"},"modified":"2025-03-24T16:26:30","modified_gmt":"2025-03-24T16:26:30","slug":"jade-2","status":"publish","type":"product","link":"https:\/\/mhr.com.pt\/pt-pt\/product\/jade-2\/","title":{"rendered":"Jade."},"content":{"rendered":"<p>A Mesa de Jantar Jade \u00e9 uma pe\u00e7a s\u00f3lida com um tampo visualmente robusto que cria uma ilus\u00e3o de desequil\u00edbrio atrav\u00e9s da utiliza\u00e7\u00e3o de um p\u00e9 met\u00e1lico e um p\u00e9 de acr\u00edlico, conferindo-lhe um efeito suspenso.<\/p>\n<p>Esta mesa \u00e9 uma pe\u00e7a de destaque em qualquer divis\u00e3o, com linhas simples e retas que resultam num design complexo e visualmente intrigante.<\/p>\n","protected":false},"excerpt":{"rendered":"<p>MESA DE JANTAR<\/p>\n","protected":false},"featured_media":251793,"template":"","meta":{"_et_pb_use_builder":"","_et_pb_old_content":"","_et_gb_content_width":""},"product_brand":[],"product_cat":[533,532],"product_tag":[],"class_list":{"0":"post-251810","1":"product","2":"type-product","3":"status-publish","4":"has-post-thumbnail","6":"product_cat-mesas-de-jantar","7":"product_cat-sala-de-jantar-e-acessorios","9":"first","10":"instock","11":"shipping-taxable","12":"product-type-simple"},"_links":{"self":[{"href":"https:\/\/mhr.com.pt\/pt-pt\/wp-json\/wp\/v2\/product\/251810","targetHints":{"allow":["GET"]}}],"collection":[{"href":"https:\/\/mhr.com.pt\/pt-pt\/wp-json\/wp\/v2\/product"}],"about":[{"href":"https:\/\/mhr.com.pt\/pt-pt\/wp-json\/wp\/v2\/types\/product"}],"wp:featuredmedia":[{"embeddable":true,"href":"https:\/\/mhr.com.pt\/pt-pt\/wp-json\/wp\/v2\/media\/251793"}],"wp:attachment":[{"href":"https:\/\/mhr.com.pt\/pt-pt\/wp-json\/wp\/v2\/media?parent=251810"}],"wp:term":[{"taxonomy":"product_brand","embeddable":true,"href":"https:\/\/mhr.com.pt\/pt-pt\/wp-json\/wp\/v2\/product_brand?post=251810"},{"taxonomy":"product_cat","embeddable":true,"href":"https:\/\/mhr.com.pt\/pt-pt\/wp-json\/wp\/v2\/product_cat?post=251810"},{"taxonomy":"product_tag","embeddable":true,"href":"https:\/\/mhr.com.pt\/pt-pt\/wp-json\/wp\/v2\/product_tag?post=251810"}],"curies":[{"name":"wp","href":"https:\/\/api.w.org\/{rel}","templated":true}]}}