{"id":251823,"date":"2022-11-14T12:28:28","date_gmt":"2022-11-14T12:28:28","guid":{"rendered":"https:\/\/mhr.com.pt\/product\/lewis\/"},"modified":"2022-11-14T12:28:28","modified_gmt":"2022-11-14T12:28:28","slug":"lewis","status":"publish","type":"product","link":"https:\/\/mhr.com.pt\/pt-pt\/product\/lewis\/","title":{"rendered":"Lewis."},"content":{"rendered":"<p>O Banco de Bar Lewis apresenta uma estrutura met\u00e1lica s\u00f3lida e robusta, suavizada pelo toque delicado de tr\u00eas tubos finos que ligam toda a estrutura.<\/p>\n<p>Os apoios de bra\u00e7os proporcionam um conforto adicional e uma sensa\u00e7\u00e3o de seguran\u00e7a, enquanto o estofado leve confere ao banco uma apar\u00eancia delicada e refinada.<\/p>\n","protected":false},"excerpt":{"rendered":"<p>BANCO DE BAR<\/p>\n","protected":false},"featured_media":251824,"template":"","meta":{"_et_pb_use_builder":"","_et_pb_old_content":"","_et_gb_content_width":""},"product_brand":[],"product_cat":[536,532],"product_tag":[],"class_list":{"0":"post-251823","1":"product","2":"type-product","3":"status-publish","4":"has-post-thumbnail","6":"product_cat-cadeiras-cadeiras-com-braco","7":"product_cat-sala-de-jantar-e-acessorios","9":"first","10":"instock","11":"shipping-taxable","12":"product-type-simple"},"_links":{"self":[{"href":"https:\/\/mhr.com.pt\/pt-pt\/wp-json\/wp\/v2\/product\/251823","targetHints":{"allow":["GET"]}}],"collection":[{"href":"https:\/\/mhr.com.pt\/pt-pt\/wp-json\/wp\/v2\/product"}],"about":[{"href":"https:\/\/mhr.com.pt\/pt-pt\/wp-json\/wp\/v2\/types\/product"}],"wp:featuredmedia":[{"embeddable":true,"href":"https:\/\/mhr.com.pt\/pt-pt\/wp-json\/wp\/v2\/media\/251824"}],"wp:attachment":[{"href":"https:\/\/mhr.com.pt\/pt-pt\/wp-json\/wp\/v2\/media?parent=251823"}],"wp:term":[{"taxonomy":"product_brand","embeddable":true,"href":"https:\/\/mhr.com.pt\/pt-pt\/wp-json\/wp\/v2\/product_brand?post=251823"},{"taxonomy":"product_cat","embeddable":true,"href":"https:\/\/mhr.com.pt\/pt-pt\/wp-json\/wp\/v2\/product_cat?post=251823"},{"taxonomy":"product_tag","embeddable":true,"href":"https:\/\/mhr.com.pt\/pt-pt\/wp-json\/wp\/v2\/product_tag?post=251823"}],"curies":[{"name":"wp","href":"https:\/\/api.w.org\/{rel}","templated":true}]}}