{"id":251826,"date":"2025-03-24T16:54:05","date_gmt":"2025-03-24T16:54:05","guid":{"rendered":"https:\/\/mhr.com.pt\/product\/sadie\/"},"modified":"2025-03-24T16:54:05","modified_gmt":"2025-03-24T16:54:05","slug":"sadie","status":"publish","type":"product","link":"https:\/\/mhr.com.pt\/pt-pt\/product\/sadie\/","title":{"rendered":"Sadie."},"content":{"rendered":"<p>A Cadeira Sadie, dispon\u00edvel nas vers\u00f5es com ou sem bra\u00e7os, \u00e9 uma op\u00e7\u00e3o de assento robusta com um estofado expressivo que oferece o m\u00e1ximo conforto.<\/p>\n<p>As suas pernas met\u00e1licas contrastam com o assento e encosto redondos e acolchoados, criando um design equilibrado que combina suavidade com resist\u00eancia.<\/p>\n","protected":false},"excerpt":{"rendered":"<p>CADEIRAS &amp; CADEIRAS COM BRA\u00c7O<\/p>\n","protected":false},"featured_media":251827,"template":"","meta":{"_et_pb_use_builder":"","_et_pb_old_content":"","_et_gb_content_width":""},"product_brand":[],"product_cat":[536,532],"product_tag":[],"class_list":{"0":"post-251826","1":"product","2":"type-product","3":"status-publish","4":"has-post-thumbnail","6":"product_cat-cadeiras-cadeiras-com-braco","7":"product_cat-sala-de-jantar-e-acessorios","9":"first","10":"instock","11":"shipping-taxable","12":"product-type-simple"},"_links":{"self":[{"href":"https:\/\/mhr.com.pt\/pt-pt\/wp-json\/wp\/v2\/product\/251826","targetHints":{"allow":["GET"]}}],"collection":[{"href":"https:\/\/mhr.com.pt\/pt-pt\/wp-json\/wp\/v2\/product"}],"about":[{"href":"https:\/\/mhr.com.pt\/pt-pt\/wp-json\/wp\/v2\/types\/product"}],"wp:featuredmedia":[{"embeddable":true,"href":"https:\/\/mhr.com.pt\/pt-pt\/wp-json\/wp\/v2\/media\/251827"}],"wp:attachment":[{"href":"https:\/\/mhr.com.pt\/pt-pt\/wp-json\/wp\/v2\/media?parent=251826"}],"wp:term":[{"taxonomy":"product_brand","embeddable":true,"href":"https:\/\/mhr.com.pt\/pt-pt\/wp-json\/wp\/v2\/product_brand?post=251826"},{"taxonomy":"product_cat","embeddable":true,"href":"https:\/\/mhr.com.pt\/pt-pt\/wp-json\/wp\/v2\/product_cat?post=251826"},{"taxonomy":"product_tag","embeddable":true,"href":"https:\/\/mhr.com.pt\/pt-pt\/wp-json\/wp\/v2\/product_tag?post=251826"}],"curies":[{"name":"wp","href":"https:\/\/api.w.org\/{rel}","templated":true}]}}