{"id":251832,"date":"2025-03-24T16:50:56","date_gmt":"2025-03-24T16:50:56","guid":{"rendered":"https:\/\/mhr.com.pt\/product\/mei\/"},"modified":"2025-03-24T16:50:56","modified_gmt":"2025-03-24T16:50:56","slug":"mei","status":"publish","type":"product","link":"https:\/\/mhr.com.pt\/pt-pt\/product\/mei\/","title":{"rendered":"Mei."},"content":{"rendered":"<p>A Cadeira Mei, dispon\u00edvel nas vers\u00f5es com ou sem bra\u00e7os, \u00e9 leve e elegante, escondendo um trabalho artesanal complexo em madeira maci\u00e7a por detr\u00e1s da sua aparente simplicidade. As curvas suaves e as linhas finas s\u00e3o inspiradas no design moderno, resultando numa cadeira cl\u00e1ssica mas contempor\u00e2nea.<\/p>\n","protected":false},"excerpt":{"rendered":"<p>CADEIRAS &amp; CADEIRAS COM BRA\u00c7O<\/p>\n","protected":false},"featured_media":251833,"template":"","meta":{"_et_pb_use_builder":"off","_et_pb_old_content":"<p>A Cadeira Mei, dispon\u00edvel nas vers\u00f5es com ou sem bra\u00e7os, \u00e9 leve e elegante, escondendo um trabalho artesanal complexo em madeira maci\u00e7a por detr\u00e1s da sua aparente simplicidade. As curvas suaves e as linhas finas s\u00e3o inspiradas no design moderno, resultando numa cadeira cl\u00e1ssica mas contempor\u00e2nea.<\/p>","_et_gb_content_width":""},"product_brand":[],"product_cat":[536,532],"product_tag":[],"class_list":{"0":"post-251832","1":"product","2":"type-product","3":"status-publish","4":"has-post-thumbnail","6":"product_cat-cadeiras-cadeiras-com-braco","7":"product_cat-sala-de-jantar-e-acessorios","9":"first","10":"instock","11":"shipping-taxable","12":"product-type-simple"},"_links":{"self":[{"href":"https:\/\/mhr.com.pt\/pt-pt\/wp-json\/wp\/v2\/product\/251832","targetHints":{"allow":["GET"]}}],"collection":[{"href":"https:\/\/mhr.com.pt\/pt-pt\/wp-json\/wp\/v2\/product"}],"about":[{"href":"https:\/\/mhr.com.pt\/pt-pt\/wp-json\/wp\/v2\/types\/product"}],"wp:featuredmedia":[{"embeddable":true,"href":"https:\/\/mhr.com.pt\/pt-pt\/wp-json\/wp\/v2\/media\/251833"}],"wp:attachment":[{"href":"https:\/\/mhr.com.pt\/pt-pt\/wp-json\/wp\/v2\/media?parent=251832"}],"wp:term":[{"taxonomy":"product_brand","embeddable":true,"href":"https:\/\/mhr.com.pt\/pt-pt\/wp-json\/wp\/v2\/product_brand?post=251832"},{"taxonomy":"product_cat","embeddable":true,"href":"https:\/\/mhr.com.pt\/pt-pt\/wp-json\/wp\/v2\/product_cat?post=251832"},{"taxonomy":"product_tag","embeddable":true,"href":"https:\/\/mhr.com.pt\/pt-pt\/wp-json\/wp\/v2\/product_tag?post=251832"}],"curies":[{"name":"wp","href":"https:\/\/api.w.org\/{rel}","templated":true}]}}