{"id":251841,"date":"2025-03-24T16:24:29","date_gmt":"2025-03-24T16:24:29","guid":{"rendered":"https:\/\/mhr.com.pt\/product\/aiko\/"},"modified":"2025-03-24T16:24:29","modified_gmt":"2025-03-24T16:24:29","slug":"aiko","status":"publish","type":"product","link":"https:\/\/mhr.com.pt\/pt-pt\/product\/aiko\/","title":{"rendered":"Aiko."},"content":{"rendered":"<p>A Mesa de Jantar Aiko foi concebida para se adaptar aos v\u00e1rios momentos da vida.<\/p>\n<p>Apresenta um mecanismo extens\u00edvel, permitindo ajustar o tamanho da mesa para acomodar familiares e amigos durante momentos de conv\u00edvio.<\/p>\n<p>Quando n\u00e3o est\u00e1 em uso, a mesa pode ser compactada para um tamanho menor, tornando-a vers\u00e1til tanto para espa\u00e7os grandes como para ambientes mais \u00edntimos.<\/p>\n","protected":false},"excerpt":{"rendered":"<p>MESA DE JANTAR<\/p>\n","protected":false},"featured_media":251790,"template":"","meta":{"_et_pb_use_builder":"","_et_pb_old_content":"","_et_gb_content_width":""},"product_brand":[],"product_cat":[533,532],"product_tag":[],"class_list":{"0":"post-251841","1":"product","2":"type-product","3":"status-publish","4":"has-post-thumbnail","6":"product_cat-mesas-de-jantar","7":"product_cat-sala-de-jantar-e-acessorios","9":"first","10":"instock","11":"shipping-taxable","12":"product-type-simple"},"_links":{"self":[{"href":"https:\/\/mhr.com.pt\/pt-pt\/wp-json\/wp\/v2\/product\/251841","targetHints":{"allow":["GET"]}}],"collection":[{"href":"https:\/\/mhr.com.pt\/pt-pt\/wp-json\/wp\/v2\/product"}],"about":[{"href":"https:\/\/mhr.com.pt\/pt-pt\/wp-json\/wp\/v2\/types\/product"}],"wp:featuredmedia":[{"embeddable":true,"href":"https:\/\/mhr.com.pt\/pt-pt\/wp-json\/wp\/v2\/media\/251790"}],"wp:attachment":[{"href":"https:\/\/mhr.com.pt\/pt-pt\/wp-json\/wp\/v2\/media?parent=251841"}],"wp:term":[{"taxonomy":"product_brand","embeddable":true,"href":"https:\/\/mhr.com.pt\/pt-pt\/wp-json\/wp\/v2\/product_brand?post=251841"},{"taxonomy":"product_cat","embeddable":true,"href":"https:\/\/mhr.com.pt\/pt-pt\/wp-json\/wp\/v2\/product_cat?post=251841"},{"taxonomy":"product_tag","embeddable":true,"href":"https:\/\/mhr.com.pt\/pt-pt\/wp-json\/wp\/v2\/product_tag?post=251841"}],"curies":[{"name":"wp","href":"https:\/\/api.w.org\/{rel}","templated":true}]}}