{"id":251852,"date":"2025-03-24T10:25:37","date_gmt":"2025-03-24T10:25:37","guid":{"rendered":"https:\/\/mhr.com.pt\/product\/adams-2\/"},"modified":"2025-03-24T10:25:37","modified_gmt":"2025-03-24T10:25:37","slug":"adams-2","status":"publish","type":"product","link":"https:\/\/mhr.com.pt\/pt-pt\/product\/adams-2\/","title":{"rendered":"Adams."},"content":{"rendered":"<p>A Mesa de Jantar Redonda Adams \u00e9 uma pe\u00e7a s\u00f3lida e robusta que alcan\u00e7a um equil\u00edbrio perfeito com a sua base meia redonda ripada, complementando a forma circular da mesa. A outra metade da base quebra esta redondeza com linhas perpendiculares, acrescentando um contraste \u00fanico ao design.<\/p>\n<p>Esta mesa combina for\u00e7a com eleg\u00e2ncia, tornando-se num ponto focal impressionante em qualquer \u00e1rea de jantar.<\/p>\n","protected":false},"excerpt":{"rendered":"<p>MESA DE JANTAR<\/p>\n","protected":false},"featured_media":251853,"template":"","meta":{"_et_pb_use_builder":"","_et_pb_old_content":"","_et_gb_content_width":""},"product_brand":[],"product_cat":[538,533,532],"product_tag":[],"class_list":{"0":"post-251852","1":"product","2":"type-product","3":"status-publish","4":"has-post-thumbnail","6":"product_cat-linha-adams","7":"product_cat-mesas-de-jantar","8":"product_cat-sala-de-jantar-e-acessorios","10":"first","11":"instock","12":"shipping-taxable","13":"product-type-simple"},"_links":{"self":[{"href":"https:\/\/mhr.com.pt\/pt-pt\/wp-json\/wp\/v2\/product\/251852","targetHints":{"allow":["GET"]}}],"collection":[{"href":"https:\/\/mhr.com.pt\/pt-pt\/wp-json\/wp\/v2\/product"}],"about":[{"href":"https:\/\/mhr.com.pt\/pt-pt\/wp-json\/wp\/v2\/types\/product"}],"wp:featuredmedia":[{"embeddable":true,"href":"https:\/\/mhr.com.pt\/pt-pt\/wp-json\/wp\/v2\/media\/251853"}],"wp:attachment":[{"href":"https:\/\/mhr.com.pt\/pt-pt\/wp-json\/wp\/v2\/media?parent=251852"}],"wp:term":[{"taxonomy":"product_brand","embeddable":true,"href":"https:\/\/mhr.com.pt\/pt-pt\/wp-json\/wp\/v2\/product_brand?post=251852"},{"taxonomy":"product_cat","embeddable":true,"href":"https:\/\/mhr.com.pt\/pt-pt\/wp-json\/wp\/v2\/product_cat?post=251852"},{"taxonomy":"product_tag","embeddable":true,"href":"https:\/\/mhr.com.pt\/pt-pt\/wp-json\/wp\/v2\/product_tag?post=251852"}],"curies":[{"name":"wp","href":"https:\/\/api.w.org\/{rel}","templated":true}]}}