{"id":251856,"date":"2025-03-24T10:23:43","date_gmt":"2025-03-24T10:23:43","guid":{"rendered":"https:\/\/mhr.com.pt\/product\/adams-4\/"},"modified":"2025-03-24T10:23:43","modified_gmt":"2025-03-24T10:23:43","slug":"adams-4","status":"publish","type":"product","link":"https:\/\/mhr.com.pt\/pt-pt\/product\/adams-4\/","title":{"rendered":"Adams."},"content":{"rendered":"<p>O Espelho de Parede Adams complementa a cole\u00e7\u00e3o com simplicidade e eleg\u00e2ncia. A moldura em madeira ripada acrescenta textura e sofistica\u00e7\u00e3o, refletindo a linguagem de design presente em toda a linha Adams.<\/p>\n","protected":false},"excerpt":{"rendered":"<p>ESPELHO DE PAREDE<\/p>\n","protected":false},"featured_media":251857,"template":"","meta":{"_et_pb_use_builder":"","_et_pb_old_content":"","_et_gb_content_width":""},"product_brand":[],"product_cat":[534,538,532],"product_tag":[],"class_list":{"0":"post-251856","1":"product","2":"type-product","3":"status-publish","4":"has-post-thumbnail","6":"product_cat-espelhos-de-parede","7":"product_cat-linha-adams","8":"product_cat-sala-de-jantar-e-acessorios","10":"first","11":"instock","12":"shipping-taxable","13":"product-type-simple"},"_links":{"self":[{"href":"https:\/\/mhr.com.pt\/pt-pt\/wp-json\/wp\/v2\/product\/251856","targetHints":{"allow":["GET"]}}],"collection":[{"href":"https:\/\/mhr.com.pt\/pt-pt\/wp-json\/wp\/v2\/product"}],"about":[{"href":"https:\/\/mhr.com.pt\/pt-pt\/wp-json\/wp\/v2\/types\/product"}],"wp:featuredmedia":[{"embeddable":true,"href":"https:\/\/mhr.com.pt\/pt-pt\/wp-json\/wp\/v2\/media\/251857"}],"wp:attachment":[{"href":"https:\/\/mhr.com.pt\/pt-pt\/wp-json\/wp\/v2\/media?parent=251856"}],"wp:term":[{"taxonomy":"product_brand","embeddable":true,"href":"https:\/\/mhr.com.pt\/pt-pt\/wp-json\/wp\/v2\/product_brand?post=251856"},{"taxonomy":"product_cat","embeddable":true,"href":"https:\/\/mhr.com.pt\/pt-pt\/wp-json\/wp\/v2\/product_cat?post=251856"},{"taxonomy":"product_tag","embeddable":true,"href":"https:\/\/mhr.com.pt\/pt-pt\/wp-json\/wp\/v2\/product_tag?post=251856"}],"curies":[{"name":"wp","href":"https:\/\/api.w.org\/{rel}","templated":true}]}}