{"id":251858,"date":"2025-03-24T10:22:21","date_gmt":"2025-03-24T10:22:21","guid":{"rendered":"https:\/\/mhr.com.pt\/product\/adams-5\/"},"modified":"2025-03-24T10:22:21","modified_gmt":"2025-03-24T10:22:21","slug":"adams-5","status":"publish","type":"product","link":"https:\/\/mhr.com.pt\/pt-pt\/product\/adams-5\/","title":{"rendered":"Adams."},"content":{"rendered":"<p>Os M\u00f3veis de Apoio Adams introduzem arruma\u00e7\u00e3o funcional no espa\u00e7o sem comprometer a est\u00e9tica leve e refinada. As bases em acr\u00edlico elevam o volume, enquanto as superf\u00edcies ripadas em madeira criam uma liga\u00e7\u00e3o visual coesa e elegante a toda a linha.<\/p>\n","protected":false},"excerpt":{"rendered":"<p>M\u00d3VEIS DE APOIO<\/p>\n","protected":false},"featured_media":251859,"template":"","meta":{"_et_pb_use_builder":"","_et_pb_old_content":"","_et_gb_content_width":""},"product_brand":[],"product_cat":[538,532],"product_tag":[],"class_list":{"0":"post-251858","1":"product","2":"type-product","3":"status-publish","4":"has-post-thumbnail","6":"product_cat-linha-adams","7":"product_cat-sala-de-jantar-e-acessorios","9":"first","10":"instock","11":"shipping-taxable","12":"product-type-simple"},"_links":{"self":[{"href":"https:\/\/mhr.com.pt\/pt-pt\/wp-json\/wp\/v2\/product\/251858","targetHints":{"allow":["GET"]}}],"collection":[{"href":"https:\/\/mhr.com.pt\/pt-pt\/wp-json\/wp\/v2\/product"}],"about":[{"href":"https:\/\/mhr.com.pt\/pt-pt\/wp-json\/wp\/v2\/types\/product"}],"wp:featuredmedia":[{"embeddable":true,"href":"https:\/\/mhr.com.pt\/pt-pt\/wp-json\/wp\/v2\/media\/251859"}],"wp:attachment":[{"href":"https:\/\/mhr.com.pt\/pt-pt\/wp-json\/wp\/v2\/media?parent=251858"}],"wp:term":[{"taxonomy":"product_brand","embeddable":true,"href":"https:\/\/mhr.com.pt\/pt-pt\/wp-json\/wp\/v2\/product_brand?post=251858"},{"taxonomy":"product_cat","embeddable":true,"href":"https:\/\/mhr.com.pt\/pt-pt\/wp-json\/wp\/v2\/product_cat?post=251858"},{"taxonomy":"product_tag","embeddable":true,"href":"https:\/\/mhr.com.pt\/pt-pt\/wp-json\/wp\/v2\/product_tag?post=251858"}],"curies":[{"name":"wp","href":"https:\/\/api.w.org\/{rel}","templated":true}]}}