{"id":251860,"date":"2025-03-24T10:21:20","date_gmt":"2025-03-24T10:21:20","guid":{"rendered":"https:\/\/mhr.com.pt\/product\/adams-6\/"},"modified":"2025-03-24T10:21:20","modified_gmt":"2025-03-24T10:21:20","slug":"adams-6","status":"publish","type":"product","link":"https:\/\/mhr.com.pt\/pt-pt\/product\/adams-6\/","title":{"rendered":"Adams."},"content":{"rendered":"<p>O Aparador Adams destaca-se pelo seu design robusto, contrastado pelo efeito de suspens\u00e3o proporcionado pelos p\u00e9s em acr\u00edlico. As superf\u00edcies ripadas em madeira refor\u00e7am o ritmo visual da pe\u00e7a, oferecendo um equil\u00edbrio perfeito entre ousadia e subtileza.<\/p>\n","protected":false},"excerpt":{"rendered":"<p>APARADOR<\/p>\n","protected":false},"featured_media":251861,"template":"","meta":{"_et_pb_use_builder":"","_et_pb_old_content":"","_et_gb_content_width":""},"product_brand":[],"product_cat":[538,532],"product_tag":[],"class_list":{"0":"post-251860","1":"product","2":"type-product","3":"status-publish","4":"has-post-thumbnail","6":"product_cat-linha-adams","7":"product_cat-sala-de-jantar-e-acessorios","9":"first","10":"instock","11":"shipping-taxable","12":"product-type-simple"},"_links":{"self":[{"href":"https:\/\/mhr.com.pt\/pt-pt\/wp-json\/wp\/v2\/product\/251860","targetHints":{"allow":["GET"]}}],"collection":[{"href":"https:\/\/mhr.com.pt\/pt-pt\/wp-json\/wp\/v2\/product"}],"about":[{"href":"https:\/\/mhr.com.pt\/pt-pt\/wp-json\/wp\/v2\/types\/product"}],"wp:featuredmedia":[{"embeddable":true,"href":"https:\/\/mhr.com.pt\/pt-pt\/wp-json\/wp\/v2\/media\/251861"}],"wp:attachment":[{"href":"https:\/\/mhr.com.pt\/pt-pt\/wp-json\/wp\/v2\/media?parent=251860"}],"wp:term":[{"taxonomy":"product_brand","embeddable":true,"href":"https:\/\/mhr.com.pt\/pt-pt\/wp-json\/wp\/v2\/product_brand?post=251860"},{"taxonomy":"product_cat","embeddable":true,"href":"https:\/\/mhr.com.pt\/pt-pt\/wp-json\/wp\/v2\/product_cat?post=251860"},{"taxonomy":"product_tag","embeddable":true,"href":"https:\/\/mhr.com.pt\/pt-pt\/wp-json\/wp\/v2\/product_tag?post=251860"}],"curies":[{"name":"wp","href":"https:\/\/api.w.org\/{rel}","templated":true}]}}