{"id":251871,"date":"2022-11-14T12:35:45","date_gmt":"2022-11-14T12:35:45","guid":{"rendered":"https:\/\/mhr.com.pt\/product\/ray-3\/"},"modified":"2022-11-14T12:35:45","modified_gmt":"2022-11-14T12:35:45","slug":"ray-3","status":"publish","type":"product","link":"https:\/\/mhr.com.pt\/pt-pt\/product\/ray-3\/","title":{"rendered":"Ray."},"content":{"rendered":"<p>O Aparador Ray leva a musicalidade ao seu espa\u00e7o. Os detalhes verticais na superf\u00edcie criam uma sensa\u00e7\u00e3o de movimento e harmonia, oferecendo arruma\u00e7\u00e3o generosa com um design refinado e cheio de car\u00e1cter.<\/p>\n","protected":false},"excerpt":{"rendered":"<p>APARADOR<\/p>\n","protected":false},"featured_media":251872,"template":"","meta":{"_et_pb_use_builder":"","_et_pb_old_content":"","_et_gb_content_width":""},"product_brand":[],"product_cat":[539,532],"product_tag":[],"class_list":{"0":"post-251871","1":"product","2":"type-product","3":"status-publish","4":"has-post-thumbnail","6":"product_cat-linha-ray","7":"product_cat-sala-de-jantar-e-acessorios","9":"first","10":"instock","11":"shipping-taxable","12":"product-type-simple"},"_links":{"self":[{"href":"https:\/\/mhr.com.pt\/pt-pt\/wp-json\/wp\/v2\/product\/251871","targetHints":{"allow":["GET"]}}],"collection":[{"href":"https:\/\/mhr.com.pt\/pt-pt\/wp-json\/wp\/v2\/product"}],"about":[{"href":"https:\/\/mhr.com.pt\/pt-pt\/wp-json\/wp\/v2\/types\/product"}],"wp:featuredmedia":[{"embeddable":true,"href":"https:\/\/mhr.com.pt\/pt-pt\/wp-json\/wp\/v2\/media\/251872"}],"wp:attachment":[{"href":"https:\/\/mhr.com.pt\/pt-pt\/wp-json\/wp\/v2\/media?parent=251871"}],"wp:term":[{"taxonomy":"product_brand","embeddable":true,"href":"https:\/\/mhr.com.pt\/pt-pt\/wp-json\/wp\/v2\/product_brand?post=251871"},{"taxonomy":"product_cat","embeddable":true,"href":"https:\/\/mhr.com.pt\/pt-pt\/wp-json\/wp\/v2\/product_cat?post=251871"},{"taxonomy":"product_tag","embeddable":true,"href":"https:\/\/mhr.com.pt\/pt-pt\/wp-json\/wp\/v2\/product_tag?post=251871"}],"curies":[{"name":"wp","href":"https:\/\/api.w.org\/{rel}","templated":true}]}}