{"id":251877,"date":"2022-11-14T12:33:00","date_gmt":"2022-11-14T12:33:00","guid":{"rendered":"https:\/\/mhr.com.pt\/product\/ray-4\/"},"modified":"2022-11-14T12:33:00","modified_gmt":"2022-11-14T12:33:00","slug":"ray-4","status":"publish","type":"product","link":"https:\/\/mhr.com.pt\/pt-pt\/product\/ray-4\/","title":{"rendered":"Ray."},"content":{"rendered":"<p>O Espelho de Parede Ray complementa a cole\u00e7\u00e3o com um design limpo e r\u00edtmico. Os discretos detalhes verticais emolduram o reflexo com eleg\u00e2ncia, acrescentando uma sensa\u00e7\u00e3o de movimento e musicalidade a qualquer ambiente.<\/p>\n","protected":false},"excerpt":{"rendered":"<p>ESPELHO DE PAREDE<\/p>\n","protected":false},"featured_media":251878,"template":"","meta":{"_et_pb_use_builder":"","_et_pb_old_content":"","_et_gb_content_width":""},"product_brand":[],"product_cat":[534,539,532],"product_tag":[],"class_list":{"0":"post-251877","1":"product","2":"type-product","3":"status-publish","4":"has-post-thumbnail","6":"product_cat-espelhos-de-parede","7":"product_cat-linha-ray","8":"product_cat-sala-de-jantar-e-acessorios","10":"first","11":"instock","12":"shipping-taxable","13":"product-type-simple"},"_links":{"self":[{"href":"https:\/\/mhr.com.pt\/pt-pt\/wp-json\/wp\/v2\/product\/251877","targetHints":{"allow":["GET"]}}],"collection":[{"href":"https:\/\/mhr.com.pt\/pt-pt\/wp-json\/wp\/v2\/product"}],"about":[{"href":"https:\/\/mhr.com.pt\/pt-pt\/wp-json\/wp\/v2\/types\/product"}],"wp:featuredmedia":[{"embeddable":true,"href":"https:\/\/mhr.com.pt\/pt-pt\/wp-json\/wp\/v2\/media\/251878"}],"wp:attachment":[{"href":"https:\/\/mhr.com.pt\/pt-pt\/wp-json\/wp\/v2\/media?parent=251877"}],"wp:term":[{"taxonomy":"product_brand","embeddable":true,"href":"https:\/\/mhr.com.pt\/pt-pt\/wp-json\/wp\/v2\/product_brand?post=251877"},{"taxonomy":"product_cat","embeddable":true,"href":"https:\/\/mhr.com.pt\/pt-pt\/wp-json\/wp\/v2\/product_cat?post=251877"},{"taxonomy":"product_tag","embeddable":true,"href":"https:\/\/mhr.com.pt\/pt-pt\/wp-json\/wp\/v2\/product_tag?post=251877"}],"curies":[{"name":"wp","href":"https:\/\/api.w.org\/{rel}","templated":true}]}}