{"id":251880,"date":"2021-02-26T14:20:46","date_gmt":"2021-02-26T14:20:46","guid":{"rendered":"https:\/\/mhr.com.pt\/product\/ray-5\/"},"modified":"2021-02-26T14:20:46","modified_gmt":"2021-02-26T14:20:46","slug":"ray-5","status":"publish","type":"product","link":"https:\/\/mhr.com.pt\/pt-pt\/product\/ray-5\/","title":{"rendered":"Ray."},"content":{"rendered":"<p>O Licoreiro Ray \u00e9 uma celebra\u00e7\u00e3o do ritmo e da sofistica\u00e7\u00e3o. A sua estrutura vertical evoca a imagem das notas musicais a subir e a descer, criando uma pe\u00e7a escult\u00f3rica que \u00e9 simultaneamente funcional e art\u00edstica.<\/p>\n","protected":false},"excerpt":{"rendered":"<p>LICOREIRO<\/p>\n","protected":false},"featured_media":251881,"template":"","meta":{"_et_pb_use_builder":"","_et_pb_old_content":"","_et_gb_content_width":""},"product_brand":[],"product_cat":[539,532],"product_tag":[],"class_list":{"0":"post-251880","1":"product","2":"type-product","3":"status-publish","4":"has-post-thumbnail","6":"product_cat-linha-ray","7":"product_cat-sala-de-jantar-e-acessorios","9":"first","10":"instock","11":"virtual","12":"product-type-simple"},"_links":{"self":[{"href":"https:\/\/mhr.com.pt\/pt-pt\/wp-json\/wp\/v2\/product\/251880","targetHints":{"allow":["GET"]}}],"collection":[{"href":"https:\/\/mhr.com.pt\/pt-pt\/wp-json\/wp\/v2\/product"}],"about":[{"href":"https:\/\/mhr.com.pt\/pt-pt\/wp-json\/wp\/v2\/types\/product"}],"wp:featuredmedia":[{"embeddable":true,"href":"https:\/\/mhr.com.pt\/pt-pt\/wp-json\/wp\/v2\/media\/251881"}],"wp:attachment":[{"href":"https:\/\/mhr.com.pt\/pt-pt\/wp-json\/wp\/v2\/media?parent=251880"}],"wp:term":[{"taxonomy":"product_brand","embeddable":true,"href":"https:\/\/mhr.com.pt\/pt-pt\/wp-json\/wp\/v2\/product_brand?post=251880"},{"taxonomy":"product_cat","embeddable":true,"href":"https:\/\/mhr.com.pt\/pt-pt\/wp-json\/wp\/v2\/product_cat?post=251880"},{"taxonomy":"product_tag","embeddable":true,"href":"https:\/\/mhr.com.pt\/pt-pt\/wp-json\/wp\/v2\/product_tag?post=251880"}],"curies":[{"name":"wp","href":"https:\/\/api.w.org\/{rel}","templated":true}]}}